{"id":24845,"date":"2025-02-24T10:20:11","date_gmt":"2025-02-24T09:20:11","guid":{"rendered":"https:\/\/www.hydrema-bouwmachines.nl\/certifikater\/"},"modified":"2026-05-08T13:11:55","modified_gmt":"2026-05-08T11:11:55","slug":"certifikater","status":"publish","type":"page","link":"https:\/\/www.hydrema-bouwmachines.nl\/da\/ansvar\/certifikater\/","title":{"rendered":"Certifikater"},"content":{"rendered":"\t\t<div data-elementor-type=\"wp-page\" data-elementor-id=\"24845\" class=\"elementor elementor-24845 elementor-6808\" data-elementor-post-type=\"page\">\n\t\t\t\t<div class=\"elementor-element elementor-element-6a221925 e-con-full e-flex e-con e-parent\" data-id=\"6a221925\" data-element_type=\"container\" data-e-type=\"container\" data-settings=\"{&quot;background_background&quot;:&quot;classic&quot;,&quot;jet_parallax_layout_list&quot;:[]}\">\n\t\t<div class=\"elementor-element elementor-element-71de31ef e-con-full content-wrap e-flex e-con e-child\" data-id=\"71de31ef\" data-element_type=\"container\" data-e-type=\"container\" data-settings=\"{&quot;jet_parallax_layout_list&quot;:[]}\">\n\t\t\t\t<div class=\"elementor-element elementor-element-5cf42709 elementor-widget__width-initial elementor-widget elementor-widget-jet-breadcrumbs\" data-id=\"5cf42709\" data-element_type=\"widget\" data-e-type=\"widget\" data-widget_type=\"jet-breadcrumbs.default\">\n\t\t\t\t<div class=\"elementor-widget-container\">\n\t\t\t\t\t<div class=\"elementor-jet-breadcrumbs jet-blocks\">\n\t\t<div class=\"jet-breadcrumbs\">\n\t\t<div class=\"jet-breadcrumbs__content\">\n\t\t<div class=\"jet-breadcrumbs__wrap\"><div class=\"jet-breadcrumbs__item\"><a href=\"https:\/\/www.hydrema-bouwmachines.nl\/da\/\" class=\"jet-breadcrumbs__item-link is-home\" rel=\"home\" title=\"Hydrema\">Hydrema<\/a><\/div>\n\t\t<\/div>\n\t\t<\/div>\n\t\t<\/div><\/div>\t\t\t\t<\/div>\n\t\t\t\t<\/div>\n\t\t\t\t<\/div>\n\t\t\t\t<\/div>\n\t\t<div class=\"elementor-element elementor-element-7eddb43a e-con-full e-flex e-con e-parent\" data-id=\"7eddb43a\" data-element_type=\"container\" data-e-type=\"container\" data-settings=\"{&quot;background_background&quot;:&quot;classic&quot;,&quot;jet_parallax_layout_list&quot;:[]}\">\n\t\t<div class=\"elementor-element elementor-element-443e8db e-con-full content-wrap e-flex e-con e-child\" data-id=\"443e8db\" data-element_type=\"container\" data-e-type=\"container\" data-settings=\"{&quot;jet_parallax_layout_list&quot;:[]}\">\n\t\t\t\t<div class=\"elementor-element elementor-element-7af8e0f9 elementor-widget__width-inherit elementor-widget-laptop__width-inherit elementor-widget elementor-widget-heading\" data-id=\"7af8e0f9\" data-element_type=\"widget\" data-e-type=\"widget\" data-widget_type=\"heading.default\">\n\t\t\t\t<div class=\"elementor-widget-container\">\n\t\t\t\t\t<h1 class=\"elementor-heading-title elementor-size-default\">ISO-certifikater<\/h1>\t\t\t\t<\/div>\n\t\t\t\t<\/div>\n\t\t\t\t<div class=\"elementor-element elementor-element-5852dd02 elementor-widget__width-initial elementor-widget-laptop__width-initial elementor-widget-tablet_extra__width-initial elementor-widget-tablet__width-initial elementor-widget-mobile__width-inherit elementor-widget elementor-widget-text-editor\" data-id=\"5852dd02\" data-element_type=\"widget\" data-e-type=\"widget\" data-widget_type=\"text-editor.default\">\n\t\t\t\t<div class=\"elementor-widget-container\">\n\t\t\t\t\t\t\t\t\t<div class=\"container-wrap \">\n<div class=\"container-xxl\">\n<div class=\"row text-start justify-content-start\">\n<article class=\"hero-inner align-items-start\">\n<div class=\"hero-text \">\n<p>Hydrema har v\u00e6ret certificeret i henhold til ISO 9001 siden 1990, og i 2022 blev certificering i henhold til ISO 14001 og ISO 45001 ligeledes implementeret og gennemf\u00f8rt. Certificeringen g\u00e6lder for udvikling og produktion af anl\u00e6gsmaskiner s\u00e5som gravemaskiner, l\u00e6ssere\/rendegravere, terr\u00e6ng\u00e5ende dumpere, minerydningsk\u00f8ret\u00f8jer og tilbeh\u00f8r hertil til civile og milit\u00e6re markeder \u2013 samt for milit\u00e6re markeder, kontraktsalg og co-produktionsprojekter relateret til landbaseret terr\u00e6ng\u00e5ende k\u00f8ret\u00f8jsteknologi. Bureau Veritas har gennemf\u00f8rt ISO-certificeringen.<\/p>\n<\/div>\n<\/article>\n<\/div>\n<\/div>\n<\/div>\n\t\t\t\t\t\t\t\t<\/div>\n\t\t\t\t<\/div>\n\t\t\t\t<\/div>\n\t\t\t\t<\/div>\n\t\t<div class=\"elementor-element elementor-element-0c1069c e-con-full e-flex e-con e-parent\" data-id=\"0c1069c\" data-element_type=\"container\" data-e-type=\"container\" data-settings=\"{&quot;background_background&quot;:&quot;classic&quot;,&quot;jet_parallax_layout_list&quot;:[]}\">\n\t\t<div class=\"elementor-element elementor-element-8edd94a e-con-full content-wrap e-flex e-con e-child\" data-id=\"8edd94a\" data-element_type=\"container\" data-e-type=\"container\" data-settings=\"{&quot;jet_parallax_layout_list&quot;:[]}\">\n\t\t\t\t<div class=\"elementor-element elementor-element-c230269 elementor-widget elementor-widget-heading\" data-id=\"c230269\" data-element_type=\"widget\" data-e-type=\"widget\" data-widget_type=\"heading.default\">\n\t\t\t\t<div class=\"elementor-widget-container\">\n\t\t\t\t\t<h2 class=\"elementor-heading-title elementor-size-default\"><a href=\"https:\/\/www.hydrema-bouwmachines.nl\/da\/hydrema-certificate-iso-9001_2015\/\">ISO 9001:2015 - Kvalitetsledelse<\/a><\/h2>\t\t\t\t<\/div>\n\t\t\t\t<\/div>\n\t\t\t\t<div class=\"elementor-element elementor-element-75ce5ef elementor-widget__width-initial elementor-widget-laptop__width-initial elementor-widget-tablet_extra__width-initial elementor-widget-tablet__width-initial elementor-widget-mobile__width-inherit elementor-widget elementor-widget-text-editor\" data-id=\"75ce5ef\" data-element_type=\"widget\" data-e-type=\"widget\" data-widget_type=\"text-editor.default\">\n\t\t\t\t<div class=\"elementor-widget-container\">\n\t\t\t\t\t\t\t\t\t<p>ISO 9001 er vores garanti for, at vi arbejder systematisk med kvalitet. Det betyder, at vi har processer p\u00e5 plads for at sikre ensartet kvalitet i b\u00e5de arbejdsgange og produkter samt l\u00f8bende forbedrer vores processer.<\/p>\n<p>Certificeringen g\u00e6lder for vores produktions- og distributionsenheder.<\/p>\n\t\t\t\t\t\t\t\t<\/div>\n\t\t\t\t<\/div>\n\t\t\t\t<div class=\"elementor-element elementor-element-212001c elementor-widget elementor-widget-image\" data-id=\"212001c\" data-element_type=\"widget\" data-e-type=\"widget\" data-widget_type=\"image.default\">\n\t\t\t\t<div class=\"elementor-widget-container\">\n\t\t\t\t\t\t\t\t\t\t\t\t\t\t\t\t<a href=\"https:\/\/www.hydrema-bouwmachines.nl\/da\/hydrema-certificate-iso-9001_2015\/\">\n\t\t\t\t\t\t\t<img data-opt-id=678035346  data-opt-src=\"https:\/\/mluhqwkytpkn.i.optimole.com\/cb:bu32.466\/w:auto\/h:auto\/q:mauto\/f:best\/https:\/\/www.hydrema-bouwmachines.nl\/wp-content\/uploads\/2025\/08\/iso-9001-2015-logo-1-150x150-1.png\"  decoding=\"async\" width=\"150\" height=\"150\" src=\"https:\/\/mluhqwkytpkn.i.optimole.com\/cb:bu32.466\/w:auto\/h:auto\/q:eco\/f:best\/https:\/\/www.hydrema-bouwmachines.nl\/wp-content\/uploads\/2025\/08\/iso-9001-2015-logo-1-150x150-1.png\" class=\"attachment-large size-large wp-image-15493\" alt=\"iso 9001\" \/>\t\t\t\t\t\t\t\t<\/a>\n\t\t\t\t\t\t\t\t\t\t\t\t\t\t\t<\/div>\n\t\t\t\t<\/div>\n\t\t\t\t<div class=\"elementor-element elementor-element-6627fc2 elementor-widget elementor-widget-heading\" data-id=\"6627fc2\" data-element_type=\"widget\" data-e-type=\"widget\" data-widget_type=\"heading.default\">\n\t\t\t\t<div class=\"elementor-widget-container\">\n\t\t\t\t\t<h2 class=\"elementor-heading-title elementor-size-default\"><a href=\"https:\/\/www.hydrema-bouwmachines.nl\/da\/hydrema-certificate-iso-14001_2015\/\">ISO 14001:2015 - Milj\u00f8ledelse inklusiv energigennemgang<\/a><\/h2>\t\t\t\t<\/div>\n\t\t\t\t<\/div>\n\t\t\t\t<div class=\"elementor-element elementor-element-afe7b9c elementor-widget__width-initial elementor-widget-laptop__width-initial elementor-widget-tablet_extra__width-initial elementor-widget-tablet__width-initial elementor-widget-mobile__width-inherit elementor-widget elementor-widget-text-editor\" data-id=\"afe7b9c\" data-element_type=\"widget\" data-e-type=\"widget\" data-widget_type=\"text-editor.default\">\n\t\t\t\t<div class=\"elementor-widget-container\">\n\t\t\t\t\t\t\t\t\t<p>Med ISO 14001 forpligter vi os til at minimere vores milj\u00f8p\u00e5virkning. Vi overv\u00e5ger vores affaldsm\u00e6ngder, spildevand og energiforbrug og arbejder m\u00e5lrettet med energioptimering for blandt andet at reducere vores CO2-aftryk. Vi udvikler og producerer maskiner, der opfylder alle relevante milj\u00f8krav.<\/p>\n<p>Certificeringen g\u00e6lder for vores produktions- og distributionsenheder samt de danske servicecentre.<\/p>\n\t\t\t\t\t\t\t\t<\/div>\n\t\t\t\t<\/div>\n\t\t\t\t<div class=\"elementor-element elementor-element-b5f3a50 elementor-widget elementor-widget-image\" data-id=\"b5f3a50\" data-element_type=\"widget\" data-e-type=\"widget\" data-widget_type=\"image.default\">\n\t\t\t\t<div class=\"elementor-widget-container\">\n\t\t\t\t\t\t\t\t\t\t\t\t\t\t\t\t<a href=\"https:\/\/www.hydrema-bouwmachines.nl\/da\/hydrema-certificate-iso-14001_2015\/\">\n\t\t\t\t\t\t\t<img data-opt-id=1666995338  data-opt-src=\"https:\/\/mluhqwkytpkn.i.optimole.com\/cb:bu32.466\/w:auto\/h:auto\/q:mauto\/f:best\/https:\/\/www.hydrema-bouwmachines.nl\/wp-content\/uploads\/2025\/08\/iso-14001certified-150x150-1.png\"  decoding=\"async\" width=\"150\" height=\"150\" src=\"https:\/\/mluhqwkytpkn.i.optimole.com\/cb:bu32.466\/w:auto\/h:auto\/q:eco\/f:best\/https:\/\/www.hydrema-bouwmachines.nl\/wp-content\/uploads\/2025\/08\/iso-14001certified-150x150-1.png\" class=\"attachment-large size-large wp-image-15523\" alt=\"iso 14001\" \/>\t\t\t\t\t\t\t\t<\/a>\n\t\t\t\t\t\t\t\t\t\t\t\t\t\t\t<\/div>\n\t\t\t\t<\/div>\n\t\t\t\t<div class=\"elementor-element elementor-element-48d6cb3 elementor-widget elementor-widget-heading\" data-id=\"48d6cb3\" data-element_type=\"widget\" data-e-type=\"widget\" data-widget_type=\"heading.default\">\n\t\t\t\t<div class=\"elementor-widget-container\">\n\t\t\t\t\t<h2 class=\"elementor-heading-title elementor-size-default\"><a href=\"https:\/\/www.hydrema-bouwmachines.nl\/da\/hydrema-certificate-iso-45001_2018\/\">ISO 45001:2018 - Arbejdsmilj\u00f8ledelse<\/a><\/h2>\t\t\t\t<\/div>\n\t\t\t\t<\/div>\n\t\t\t\t<div class=\"elementor-element elementor-element-d930bcf elementor-widget__width-initial elementor-widget-laptop__width-initial elementor-widget-tablet_extra__width-initial elementor-widget-tablet__width-initial elementor-widget-mobile__width-inherit elementor-widget elementor-widget-text-editor\" data-id=\"d930bcf\" data-element_type=\"widget\" data-e-type=\"widget\" data-widget_type=\"text-editor.default\">\n\t\t\t\t<div class=\"elementor-widget-container\">\n\t\t\t\t\t\t\t\t\t<p>ISO 45001 sikrer, at vi fokuserer p\u00e5 sikkerhed, trivsel og forebyggelse. Vi arbejder aktivt med risikovurdering, medarbejderinddragelse og l\u00f8bende forbedring af arbejdsmilj\u00f8et.<\/p>\n<p>Certificeringen g\u00e6lder for vores produktions- og distributionsenheder samt servicecentre i Danmark.<\/p>\n\t\t\t\t\t\t\t\t<\/div>\n\t\t\t\t<\/div>\n\t\t\t\t<div class=\"elementor-element elementor-element-1ecb4af elementor-widget elementor-widget-image\" data-id=\"1ecb4af\" data-element_type=\"widget\" data-e-type=\"widget\" data-widget_type=\"image.default\">\n\t\t\t\t<div class=\"elementor-widget-container\">\n\t\t\t\t\t\t\t\t\t\t\t\t\t\t\t\t<a href=\"https:\/\/www.hydrema-bouwmachines.nl\/da\/hydrema-certificate-iso-45001_2018\/\">\n\t\t\t\t\t\t\t<img data-opt-id=523684632  data-opt-src=\"https:\/\/mluhqwkytpkn.i.optimole.com\/cb:bu32.466\/w:auto\/h:auto\/q:mauto\/f:best\/https:\/\/www.hydrema-bouwmachines.nl\/wp-content\/uploads\/2025\/08\/iso45001-logo-150x150-1.png\"  decoding=\"async\" width=\"150\" height=\"150\" src=\"https:\/\/mluhqwkytpkn.i.optimole.com\/cb:bu32.466\/w:auto\/h:auto\/q:eco\/f:best\/https:\/\/www.hydrema-bouwmachines.nl\/wp-content\/uploads\/2025\/08\/iso45001-logo-150x150-1.png\" class=\"attachment-large size-large wp-image-15533\" alt=\"iso 45001\" \/>\t\t\t\t\t\t\t\t<\/a>\n\t\t\t\t\t\t\t\t\t\t\t\t\t\t\t<\/div>\n\t\t\t\t<\/div>\n\t\t\t\t<\/div>\n\t\t\t\t<\/div>\n\t\t\t\t<\/div>\n\t\t","protected":false},"excerpt":{"rendered":"<p>Hydrema ISO-certifikater Hydrema har v\u00e6ret certificeret i henhold til ISO 9001 siden 1990, og i 2022 blev certificering i henhold til ISO 14001 og ISO 45001 ligeledes implementeret og gennemf\u00f8rt. Certificeringen g\u00e6lder for udvikling og produktion af anl\u00e6gsmaskiner s\u00e5som gravemaskiner, l\u00e6ssere\/rendegravere, terr\u00e6ng\u00e5ende dumpere, minerydningsk\u00f8ret\u00f8jer og tilbeh\u00f8r hertil til civile og milit\u00e6re markeder \u2013 samt for [&hellip;]<\/p>\n","protected":false},"author":1,"featured_media":0,"parent":33561,"menu_order":31,"comment_status":"closed","ping_status":"closed","template":"","meta":{"footnotes":""},"class_list":["post-24845","page","type-page","status-publish","hentry"],"_links":{"self":[{"href":"https:\/\/www.hydrema-bouwmachines.nl\/da\/wp-json\/wp\/v2\/pages\/24845","targetHints":{"allow":["GET"]}}],"collection":[{"href":"https:\/\/www.hydrema-bouwmachines.nl\/da\/wp-json\/wp\/v2\/pages"}],"about":[{"href":"https:\/\/www.hydrema-bouwmachines.nl\/da\/wp-json\/wp\/v2\/types\/page"}],"author":[{"embeddable":true,"href":"https:\/\/www.hydrema-bouwmachines.nl\/da\/wp-json\/wp\/v2\/users\/1"}],"replies":[{"embeddable":true,"href":"https:\/\/www.hydrema-bouwmachines.nl\/da\/wp-json\/wp\/v2\/comments?post=24845"}],"version-history":[{"count":7,"href":"https:\/\/www.hydrema-bouwmachines.nl\/da\/wp-json\/wp\/v2\/pages\/24845\/revisions"}],"predecessor-version":[{"id":34155,"href":"https:\/\/www.hydrema-bouwmachines.nl\/da\/wp-json\/wp\/v2\/pages\/24845\/revisions\/34155"}],"up":[{"embeddable":true,"href":"https:\/\/www.hydrema-bouwmachines.nl\/da\/wp-json\/wp\/v2\/pages\/33561"}],"wp:attachment":[{"href":"https:\/\/www.hydrema-bouwmachines.nl\/da\/wp-json\/wp\/v2\/media?parent=24845"}],"curies":[{"name":"wp","href":"https:\/\/api.w.org\/{rel}","templated":true}]}}