{"id":33543,"date":"2026-03-12T14:34:37","date_gmt":"2026-03-12T13:34:37","guid":{"rendered":"https:\/\/www.hydrema-bouwmachines.nl\/arbejdsmiljoepolitik\/"},"modified":"2026-05-08T13:11:40","modified_gmt":"2026-05-08T11:11:40","slug":"arbejdsmiljoepolitik","status":"publish","type":"page","link":"https:\/\/www.hydrema-bouwmachines.nl\/da\/ansvar\/arbejdsmiljoepolitik\/","title":{"rendered":"Arbejdsmilj\u00f8politik"},"content":{"rendered":"\t\t<div data-elementor-type=\"wp-page\" data-elementor-id=\"33543\" class=\"elementor elementor-33543 elementor-29442\" data-elementor-post-type=\"page\">\n\t\t\t\t<div class=\"elementor-element elementor-element-68ef4a78 e-con-full e-flex e-con e-parent\" data-id=\"68ef4a78\" data-element_type=\"container\" data-e-type=\"container\" data-settings=\"{&quot;background_background&quot;:&quot;classic&quot;,&quot;jet_parallax_layout_list&quot;:[]}\">\n\t\t<div class=\"elementor-element elementor-element-5de9d11d e-con-full content-wrap e-flex e-con e-child\" data-id=\"5de9d11d\" data-element_type=\"container\" data-e-type=\"container\" data-settings=\"{&quot;jet_parallax_layout_list&quot;:[]}\">\n\t\t\t\t<div class=\"elementor-element elementor-element-60f25831 elementor-widget__width-inherit elementor-widget-laptop__width-inherit elementor-widget elementor-widget-heading\" data-id=\"60f25831\" data-element_type=\"widget\" data-e-type=\"widget\" data-widget_type=\"heading.default\">\n\t\t\t\t<div class=\"elementor-widget-container\">\n\t\t\t\t\t<h1 class=\"elementor-heading-title elementor-size-default\">ARBEJDSMILJ\u00d8POLITIK<\/h1>\t\t\t\t<\/div>\n\t\t\t\t<\/div>\n\t\t\t\t<\/div>\n\t\t\t\t<\/div>\n\t\t<div class=\"elementor-element elementor-element-5924028 e-con-full e-flex e-con e-parent\" data-id=\"5924028\" data-element_type=\"container\" data-e-type=\"container\" data-settings=\"{&quot;background_background&quot;:&quot;classic&quot;,&quot;jet_parallax_layout_list&quot;:[]}\">\n\t\t<div class=\"elementor-element elementor-element-ec0ea36 e-con-full content-wrap e-flex e-con e-child\" data-id=\"ec0ea36\" data-element_type=\"container\" data-e-type=\"container\" data-settings=\"{&quot;jet_parallax_layout_list&quot;:[]}\">\n\t\t\t\t<div class=\"elementor-element elementor-element-36fc5c6 elementor-widget elementor-widget-text-editor\" data-id=\"36fc5c6\" data-element_type=\"widget\" data-e-type=\"widget\" data-widget_type=\"text-editor.default\">\n\t\t\t\t<div class=\"elementor-widget-container\">\n\t\t\t\t\t\t\t\t\t<h3>ARBEJDSMILJ\u00d8BEVIDSTHED:<\/h3>\n<p>Engagement er en af Hydremas kernev\u00e6rdier, udtrykt ved forpligtelsen til at skabe en mere sikker arbejdsplads. Hydrema skal v\u00e6re en sikker arbejdsplads, hvor vi arbejder sammen om at s\u00e6tte fokus p\u00e5 arbejdsmilj\u00f8et og str\u00e6ber efter, at alle tager ansvar for Hydrema som en sikker arbejdsplads.<\/p>\n<p>Ved renovering og udskiftning af udstyr skal arbejdsmilj\u00f8et altid v\u00e6re en vigtig faktor. Vi str\u00e6ber altid efter at sikre, at medarbejderne hos Hydrema er involveret i arbejdet med at sikre og forbedre arbejdsmilj\u00f8et. For at sikre at arbejdsmilj\u00f8politikken er operationel, indarbejder vi sikkerhedshensyn og arbejdsmilj\u00f8bevidst adf\u00e6rd i alle relevante og v\u00e6sentlige politikker og strategier i virksomheden.<\/p>\n<p>For at sikre en proaktiv tilgang til arbejdsmilj\u00f8bevidsthed er Hydrema certificeret i henhold til<br \/>ISO45001-2015.<\/p>\n<h3>GYLDIGHEDSOMR\u00c5DE:<\/h3>\n<p>Hydremas arbejdsmilj\u00f8politik g\u00e6lder for alle medarbejdere p\u00e5 hovedkontoret og produktionen i St\u00f8vring, produktionsstedet i Weimar samt alle serviceafdelinger i Danmark. Hydremas milj\u00f8politik skal overholdes af alle medarbejdere i deres daglige arbejde.<\/p>\n<h3>LOVGIVNING:<\/h3>\n<p>Hos Hydrema er vi forpligtet til at overholde g\u00e6ldende arbejdsmilj\u00f8lovgivning og andre bindende forpligtelser, herunder \u00f8vrige regler og bestemmelser vedr\u00f8rende arbejds-<br \/>milj\u00f8et.<\/p>\n<h3>FORM\u00c5LET MED HYDREMAS ARBEJDSMILJ\u00d8POLITIK:<\/h3>\n<p>&#8211; Sikre et fortsat godt og sundt arbejdsmilj\u00f8.<br \/>&#8211; Alle hos Hydrema deltager i at sikre et godt og sikkert arbejdsmilj\u00f8.<br \/>&#8211; Et sikkert arbejdsmilj\u00f8 skal i fremtiden v\u00e6re en naturlig del af vores daglige arbejde.<br \/>&#8211; Fremme forst\u00e5elsen af, at vi alle har et ansvar.<br \/>&#8211; Sikre arbejdsmilj\u00f8organisationens involvering i det daglige arbejdsmilj\u00f8arbejde.<\/p>\n<h3>INPUT TIL ARBEJDSMILJ\u00d8POLITIKKEN:<\/h3>\n<p>Hydremas arbejdsmilj\u00f8politik er baseret p\u00e5 g\u00e6ldende arbejdsmilj\u00f8lovgivning. Hvor Hydrema ser det som v\u00e6rdiskabende, vil vi handle mere arbejdsmilj\u00f8bevidst end de lovm\u00e6ssige krav foreskriver. De relevante tiltag tilf\u00f8jes arbejdsmilj\u00f8politikken.<\/p>\n<h3>OUTPUT FRA ARBEJDSMILJ\u00d8POLITIKKEN:<\/h3>\n<p>&#8211; Reduktion i LTFIR.<br \/>&#8211; Reduktion af alvorlige h\u00e6ndelser<br \/>&#8211; Handlingsplaner der underst\u00f8tter m\u00e5lene.<\/p>\n<p>M\u00e5l og resultater kan ses i Hydremas ESG-rapportering og ledelsesgennemgang.<\/p>\n\t\t\t\t\t\t\t\t<\/div>\n\t\t\t\t<\/div>\n\t\t\t\t<\/div>\n\t\t\t\t<\/div>\n\t\t\t\t<\/div>\n\t\t","protected":false},"excerpt":{"rendered":"<p>ARBEJDSMILJ\u00d8POLITIK ARBEJDSMILJ\u00d8BEVIDSTHED: Engagement er en af Hydremas kernev\u00e6rdier, udtrykt ved forpligtelsen til at skabe en mere sikker arbejdsplads. Hydrema skal v\u00e6re en sikker arbejdsplads, hvor vi arbejder sammen om at s\u00e6tte fokus p\u00e5 arbejdsmilj\u00f8et og str\u00e6ber efter, at alle tager ansvar for Hydrema som en sikker arbejdsplads. Ved renovering og udskiftning af udstyr skal arbejdsmilj\u00f8et [&hellip;]<\/p>\n","protected":false},"author":1,"featured_media":0,"parent":33561,"menu_order":0,"comment_status":"closed","ping_status":"closed","template":"","meta":{"footnotes":""},"class_list":["post-33543","page","type-page","status-publish","hentry"],"_links":{"self":[{"href":"https:\/\/www.hydrema-bouwmachines.nl\/da\/wp-json\/wp\/v2\/pages\/33543","targetHints":{"allow":["GET"]}}],"collection":[{"href":"https:\/\/www.hydrema-bouwmachines.nl\/da\/wp-json\/wp\/v2\/pages"}],"about":[{"href":"https:\/\/www.hydrema-bouwmachines.nl\/da\/wp-json\/wp\/v2\/types\/page"}],"author":[{"embeddable":true,"href":"https:\/\/www.hydrema-bouwmachines.nl\/da\/wp-json\/wp\/v2\/users\/1"}],"replies":[{"embeddable":true,"href":"https:\/\/www.hydrema-bouwmachines.nl\/da\/wp-json\/wp\/v2\/comments?post=33543"}],"version-history":[{"count":1,"href":"https:\/\/www.hydrema-bouwmachines.nl\/da\/wp-json\/wp\/v2\/pages\/33543\/revisions"}],"predecessor-version":[{"id":33546,"href":"https:\/\/www.hydrema-bouwmachines.nl\/da\/wp-json\/wp\/v2\/pages\/33543\/revisions\/33546"}],"up":[{"embeddable":true,"href":"https:\/\/www.hydrema-bouwmachines.nl\/da\/wp-json\/wp\/v2\/pages\/33561"}],"wp:attachment":[{"href":"https:\/\/www.hydrema-bouwmachines.nl\/da\/wp-json\/wp\/v2\/media?parent=33543"}],"curies":[{"name":"wp","href":"https:\/\/api.w.org\/{rel}","templated":true}]}}