{"id":33547,"date":"2026-03-12T14:23:53","date_gmt":"2026-03-12T13:23:53","guid":{"rendered":"https:\/\/www.hydrema-bouwmachines.nl\/miljoepolitik\/"},"modified":"2026-05-08T13:11:43","modified_gmt":"2026-05-08T11:11:43","slug":"miljoepolitik","status":"publish","type":"page","link":"https:\/\/www.hydrema-bouwmachines.nl\/da\/ansvar\/miljoepolitik\/","title":{"rendered":"Milj\u00f8politik"},"content":{"rendered":"\t\t<div data-elementor-type=\"wp-page\" data-elementor-id=\"33547\" class=\"elementor elementor-33547 elementor-29436\" data-elementor-post-type=\"page\">\n\t\t\t\t<div class=\"elementor-element elementor-element-6bee515d e-con-full e-flex e-con e-parent\" data-id=\"6bee515d\" data-element_type=\"container\" data-e-type=\"container\" data-settings=\"{&quot;background_background&quot;:&quot;classic&quot;,&quot;jet_parallax_layout_list&quot;:[]}\">\n\t\t<div class=\"elementor-element elementor-element-26353603 e-con-full content-wrap e-flex e-con e-child\" data-id=\"26353603\" data-element_type=\"container\" data-e-type=\"container\" data-settings=\"{&quot;jet_parallax_layout_list&quot;:[]}\">\n\t\t\t\t<div class=\"elementor-element elementor-element-5efb2a7e elementor-widget__width-initial elementor-widget elementor-widget-jet-breadcrumbs\" data-id=\"5efb2a7e\" data-element_type=\"widget\" data-e-type=\"widget\" data-widget_type=\"jet-breadcrumbs.default\">\n\t\t\t\t<div class=\"elementor-widget-container\">\n\t\t\t\t\t<div class=\"elementor-jet-breadcrumbs jet-blocks\">\n\t\t<div class=\"jet-breadcrumbs\">\n\t\t<div class=\"jet-breadcrumbs__content\">\n\t\t<div class=\"jet-breadcrumbs__wrap\"><div class=\"jet-breadcrumbs__item\"><a href=\"https:\/\/www.hydrema-bouwmachines.nl\/da\/\" class=\"jet-breadcrumbs__item-link is-home\" rel=\"home\" title=\"Hydrema\">Hydrema<\/a><\/div>\n\t\t<\/div>\n\t\t<\/div>\n\t\t<\/div><\/div>\t\t\t\t<\/div>\n\t\t\t\t<\/div>\n\t\t\t\t<\/div>\n\t\t\t\t<\/div>\n\t\t<div class=\"elementor-element elementor-element-7ab63317 e-con-full e-flex e-con e-parent\" data-id=\"7ab63317\" data-element_type=\"container\" data-e-type=\"container\" data-settings=\"{&quot;background_background&quot;:&quot;classic&quot;,&quot;jet_parallax_layout_list&quot;:[]}\">\n\t\t<div class=\"elementor-element elementor-element-514cdba7 e-con-full content-wrap e-flex e-con e-child\" data-id=\"514cdba7\" data-element_type=\"container\" data-e-type=\"container\" data-settings=\"{&quot;jet_parallax_layout_list&quot;:[]}\">\n\t\t\t\t<div class=\"elementor-element elementor-element-53041aea elementor-widget__width-inherit elementor-widget-laptop__width-inherit elementor-widget elementor-widget-heading\" data-id=\"53041aea\" data-element_type=\"widget\" data-e-type=\"widget\" data-widget_type=\"heading.default\">\n\t\t\t\t<div class=\"elementor-widget-container\">\n\t\t\t\t\t<h1 class=\"elementor-heading-title elementor-size-default\">MILJ\u00d8POLITIK<\/h1>\t\t\t\t<\/div>\n\t\t\t\t<\/div>\n\t\t\t\t<\/div>\n\t\t\t\t<\/div>\n\t\t<div class=\"elementor-element elementor-element-a2fa13a e-con-full e-flex e-con e-parent\" data-id=\"a2fa13a\" data-element_type=\"container\" data-e-type=\"container\" data-settings=\"{&quot;background_background&quot;:&quot;classic&quot;,&quot;jet_parallax_layout_list&quot;:[]}\">\n\t\t<div class=\"elementor-element elementor-element-eb1bf1a e-con-full content-wrap e-flex e-con e-child\" data-id=\"eb1bf1a\" data-element_type=\"container\" data-e-type=\"container\" data-settings=\"{&quot;jet_parallax_layout_list&quot;:[]}\">\n\t\t\t\t<div class=\"elementor-element elementor-element-ad93c18 elementor-widget elementor-widget-text-editor\" data-id=\"ad93c18\" data-element_type=\"widget\" data-e-type=\"widget\" data-widget_type=\"text-editor.default\">\n\t\t\t\t<div class=\"elementor-widget-container\">\n\t\t\t\t\t\t\t\t\t<h3>MILJ\u00d8BEVIDSTHED:<\/h3>\n<p>Som en af Hydremas kernev\u00e6rdier prioriterer vi engagement. Dette inkluderer et dybt engagement i at v\u00e6re bevidst om milj\u00f8et og vores indvirkning p\u00e5 det. Hos Hydrema str\u00e6ber vi efter at handle p\u00e5 en milj\u00f8bevidst m\u00e5de i alle vores aktiviteter, overholde relevant milj\u00f8lovgivning og str\u00e6be efter god forvaltning af naturressourcer i vores produktions-, drifts-, indk\u00f8bs- og affaldsh\u00e5ndteringsprocesser.<\/p>\n<p>Vi foretager l\u00f8bende forbedringer af vores drift. Ved renovering og udskiftning af udstyr er forbedring af milj\u00f8et altid en vigtig faktor. Hydremas medarbejdere involveres i arbejdet med milj\u00f8forbedringer i det omfang, virksomheden finder det relevant. For at sikre at milj\u00f8politikken er operationel, indarbejder vi milj\u00f8hensyn og milj\u00f8bevidst adf\u00e6rd i alle relevante og betydningsfulde politikker og strategier i virksomheden. For at sikre en proaktiv tilgang til milj\u00f8bevidsthed er Hydrema certificeret i henhold til ISO14001-2015.<\/p>\n<h3>GYLDIGHEDSOMR\u00c5DE:<\/h3>\n<p>Hydremas milj\u00f8politik g\u00e6lder for alle medarbejdere p\u00e5 hovedkontoret og produktionen i St\u00f8vring, produktionsstedet i Weimar samt alle serviceafdelinger i Danmark. Hydremas milj\u00f8politik skal overholdes af alle medarbejdere i deres daglige arbejde.<\/p>\n<h3>LOVGIVNING:<\/h3>\n<p>Hos Hydrema er vi forpligtet til at overholde g\u00e6ldende milj\u00f8lovgivning og andre bindende forpligtelser, herunder \u00f8vrige regler og bestemmelser vedr\u00f8rende det eksterne milj\u00f8.<\/p>\n<h3>MILJ\u00d8ANSVARLIGE PRODUKTER:<\/h3>\n<p>Gennem dialog med relevante myndigheder, leverand\u00f8rer, kunder og andre interessenter \u00f8nsker vi at fremme tilg\u00e6ngeligheden af milj\u00f8venlige produkter i det omfang, det giver god forretningsm\u00e6ssig mening.<\/p>\n<h3>FORM\u00c5LET MED HYDREMAS MILJ\u00d8POLITIK:<\/h3>\n<p>&#8211; Sikre overholdelse af g\u00e6ldende milj\u00f8lovgivning.<br \/>&#8211; Arbejde med omtanke for milj\u00f8et.<br \/>&#8211; Indarbejde milj\u00f8hensyn i relevante strategier.<br \/>&#8211; Fremme forst\u00e5elsen af, at alle har et ansvar.<br \/>&#8211; Forebyggelse af forurening.<br \/>&#8211; Handlingsplaner der underst\u00f8tter m\u00e5lene.<\/p>\n<h3>INPUT TIL MILJ\u00d8POLITIK:<\/h3>\n<p>Hydremas milj\u00f8politik er baseret p\u00e5 g\u00e6ldende milj\u00f8lovgivning. I tilf\u00e6lde, hvor vi har mulighed for at handle mere milj\u00f8bevidst end p\u00e5kr\u00e6vet, tilf\u00f8jes de relevante tiltag til milj\u00f8politikken.<\/p>\n<h3>OUTPUT FRA MILJ\u00d8POLITIK:<\/h3>\n<p>&#8211; Minimering af forbrug er altid et fokusomr\u00e5de ved renovering og anskaffelse af nyt udstyr.<br \/>&#8211; Affald h\u00e5ndteres og bortskaffes i overensstemmelse med lovgivningen.<\/p>\n<p>M\u00e5l og resultater kan ses i Hydremas ESG-rapportering og ledelsesgennemgang.<\/p>\n\t\t\t\t\t\t\t\t<\/div>\n\t\t\t\t<\/div>\n\t\t\t\t<\/div>\n\t\t\t\t<\/div>\n\t\t\t\t<\/div>\n\t\t","protected":false},"excerpt":{"rendered":"<p>Hydrema MILJ\u00d8POLITIK MILJ\u00d8BEVIDSTHED: Som en af Hydremas kernev\u00e6rdier prioriterer vi engagement. Dette inkluderer et dybt engagement i at v\u00e6re bevidst om milj\u00f8et og vores indvirkning p\u00e5 det. Hos Hydrema str\u00e6ber vi efter at handle p\u00e5 en milj\u00f8bevidst m\u00e5de i alle vores aktiviteter, overholde relevant milj\u00f8lovgivning og str\u00e6be efter god forvaltning af naturressourcer i vores produktions-, [&hellip;]<\/p>\n","protected":false},"author":1,"featured_media":0,"parent":33561,"menu_order":3,"comment_status":"closed","ping_status":"closed","template":"","meta":{"footnotes":""},"class_list":["post-33547","page","type-page","status-publish","hentry"],"_links":{"self":[{"href":"https:\/\/www.hydrema-bouwmachines.nl\/da\/wp-json\/wp\/v2\/pages\/33547","targetHints":{"allow":["GET"]}}],"collection":[{"href":"https:\/\/www.hydrema-bouwmachines.nl\/da\/wp-json\/wp\/v2\/pages"}],"about":[{"href":"https:\/\/www.hydrema-bouwmachines.nl\/da\/wp-json\/wp\/v2\/types\/page"}],"author":[{"embeddable":true,"href":"https:\/\/www.hydrema-bouwmachines.nl\/da\/wp-json\/wp\/v2\/users\/1"}],"replies":[{"embeddable":true,"href":"https:\/\/www.hydrema-bouwmachines.nl\/da\/wp-json\/wp\/v2\/comments?post=33547"}],"version-history":[{"count":1,"href":"https:\/\/www.hydrema-bouwmachines.nl\/da\/wp-json\/wp\/v2\/pages\/33547\/revisions"}],"predecessor-version":[{"id":33549,"href":"https:\/\/www.hydrema-bouwmachines.nl\/da\/wp-json\/wp\/v2\/pages\/33547\/revisions\/33549"}],"up":[{"embeddable":true,"href":"https:\/\/www.hydrema-bouwmachines.nl\/da\/wp-json\/wp\/v2\/pages\/33561"}],"wp:attachment":[{"href":"https:\/\/www.hydrema-bouwmachines.nl\/da\/wp-json\/wp\/v2\/media?parent=33547"}],"curies":[{"name":"wp","href":"https:\/\/api.w.org\/{rel}","templated":true}]}}