{"id":33550,"date":"2026-03-12T14:13:18","date_gmt":"2026-03-12T13:13:18","guid":{"rendered":"https:\/\/www.hydrema-bouwmachines.nl\/kvalitetspolitik\/"},"modified":"2026-05-08T13:11:45","modified_gmt":"2026-05-08T11:11:45","slug":"kvalitetspolitik","status":"publish","type":"page","link":"https:\/\/www.hydrema-bouwmachines.nl\/da\/ansvar\/kvalitetspolitik\/","title":{"rendered":"Kvalitetspolitik"},"content":{"rendered":"\t\t<div data-elementor-type=\"wp-page\" data-elementor-id=\"33550\" class=\"elementor elementor-33550 elementor-29430\" data-elementor-post-type=\"page\">\n\t\t\t\t<div class=\"elementor-element elementor-element-31125838 e-con-full e-flex e-con e-parent\" data-id=\"31125838\" data-element_type=\"container\" data-e-type=\"container\" data-settings=\"{&quot;background_background&quot;:&quot;classic&quot;,&quot;jet_parallax_layout_list&quot;:[]}\">\n\t\t<div class=\"elementor-element elementor-element-3b646427 e-con-full content-wrap e-flex e-con e-child\" data-id=\"3b646427\" data-element_type=\"container\" data-e-type=\"container\" data-settings=\"{&quot;jet_parallax_layout_list&quot;:[]}\">\n\t\t\t\t<div class=\"elementor-element elementor-element-6cd23d16 elementor-widget__width-initial elementor-widget elementor-widget-jet-breadcrumbs\" data-id=\"6cd23d16\" data-element_type=\"widget\" data-e-type=\"widget\" data-widget_type=\"jet-breadcrumbs.default\">\n\t\t\t\t<div class=\"elementor-widget-container\">\n\t\t\t\t\t<div class=\"elementor-jet-breadcrumbs jet-blocks\">\n\t\t<div class=\"jet-breadcrumbs\">\n\t\t<div class=\"jet-breadcrumbs__content\">\n\t\t<div class=\"jet-breadcrumbs__wrap\"><div class=\"jet-breadcrumbs__item\"><a href=\"https:\/\/www.hydrema-bouwmachines.nl\/da\/\" class=\"jet-breadcrumbs__item-link is-home\" rel=\"home\" title=\"Hydrema\">Hydrema<\/a><\/div>\n\t\t<\/div>\n\t\t<\/div>\n\t\t<\/div><\/div>\t\t\t\t<\/div>\n\t\t\t\t<\/div>\n\t\t\t\t<\/div>\n\t\t\t\t<\/div>\n\t\t<div class=\"elementor-element elementor-element-fdf43b9 e-con-full e-flex e-con e-parent\" data-id=\"fdf43b9\" data-element_type=\"container\" data-e-type=\"container\" data-settings=\"{&quot;background_background&quot;:&quot;classic&quot;,&quot;jet_parallax_layout_list&quot;:[]}\">\n\t\t<div class=\"elementor-element elementor-element-7becc6dd e-con-full content-wrap e-flex e-con e-child\" data-id=\"7becc6dd\" data-element_type=\"container\" data-e-type=\"container\" data-settings=\"{&quot;jet_parallax_layout_list&quot;:[]}\">\n\t\t\t\t<div class=\"elementor-element elementor-element-476f9d3e elementor-widget__width-inherit elementor-widget-laptop__width-inherit elementor-widget elementor-widget-heading\" data-id=\"476f9d3e\" data-element_type=\"widget\" data-e-type=\"widget\" data-widget_type=\"heading.default\">\n\t\t\t\t<div class=\"elementor-widget-container\">\n\t\t\t\t\t<h1 class=\"elementor-heading-title elementor-size-default\">KVALITETSPOLITIK<\/h1>\t\t\t\t<\/div>\n\t\t\t\t<\/div>\n\t\t\t\t<\/div>\n\t\t\t\t<\/div>\n\t\t<div class=\"elementor-element elementor-element-d774cea e-con-full e-flex e-con e-parent\" data-id=\"d774cea\" data-element_type=\"container\" data-e-type=\"container\" data-settings=\"{&quot;background_background&quot;:&quot;classic&quot;,&quot;jet_parallax_layout_list&quot;:[]}\">\n\t\t<div class=\"elementor-element elementor-element-7cc31b8 e-con-full content-wrap e-flex e-con e-child\" data-id=\"7cc31b8\" data-element_type=\"container\" data-e-type=\"container\" data-settings=\"{&quot;jet_parallax_layout_list&quot;:[]}\">\n\t\t\t\t<div class=\"elementor-element elementor-element-cbcd4ad elementor-widget elementor-widget-text-editor\" data-id=\"cbcd4ad\" data-element_type=\"widget\" data-e-type=\"widget\" data-widget_type=\"text-editor.default\">\n\t\t\t\t<div class=\"elementor-widget-container\">\n\t\t\t\t\t\t\t\t\t<h3>KVALITETSBEVIDSTHED:<\/h3>\n<p>Hos Hydrema er vi bevidste om vores interessenters krav og de lovm\u00e6ssige forpligtelser for vores produkter og services. For at opfylde disse krav og forventninger har vi et kvalitetsstyringssystem, der beskriver vores arbejdsmetoder. Vi vil udvikle kvalitetsstyringssystemet, s\u00e5 roller og ansvarsomr\u00e5der er tydeligt beskrevet, og alle kan se sig selv i systemet. Hos Hydrema er vi kvalitetscertificerede i henhold til ISO 9001-2015.<\/p>\n<h3>GYLDIGHEDSOMR\u00c5DE:<\/h3>\n<p>Hydremas kvalitetspolitik g\u00e6lder for alle medarbejdere p\u00e5 hovedkontoret og i produktionen i St\u00f8vring samt produktionsstedet Weimar. Hydremas kvalitetspolitik skal overholdes af alle medarbejdere i deres daglige arbejde.<\/p>\n<h3>FORM\u00c5LET MED HYDREMAS KVALITETSPOLITIK:<\/h3>\n<p>&#8211; Er at sikre, at Hydremas interessenter er en del af politikken.<\/p>\n<h4>VORES KUNDER:<\/h4>\n<p>Hos Hydrema er vores kunder i centrum. Vi vil bestr\u00e6be os p\u00e5 at skabe et tillidsfuldt partnerskab, s\u00e5 vi kan udvikle os sammen med vores kunder.<\/p>\n<h4>MEDARBEJDERE:<\/h4>\n<p>Hydremas medarbejdere er alle bekendt med virksomhedens kvalitetspolitik.<\/p>\n<h4>LEVERAND\u00d8RER:<\/h4>\n<p>Hydrema vil som udgangspunkt have h\u00f8jkvalitetsleverand\u00f8rer inden for produktteknologi, hvor Hydrema kan drage fordel af videndeling med leverand\u00f8ren. Hydrema vil bestr\u00e6be sig p\u00e5 at opbygge langsigtede, v\u00e6rdiskabende samarbejdsrelationer med n\u00f8gleleverand\u00f8rer, s\u00e5 vi kan udvikle os sammen.<\/p>\n<h3>KVALITETSPOLITIKKENS INPUT:<\/h3>\n<p>Hydremas kvalitet er baseret p\u00e5 faktuelle data indsamlet via vores elektroniske systemer. Disse data anvendes til at vurdere styrker og svagheder. P\u00e5 baggrund heraf iv\u00e6rks\u00e6ttes prioriterede opgaver for at forbedre Hydremas produkter og systemprocesser.<\/p>\n<h3>KVALITETSPOLITIKKENS OUTPUT:<\/h3>\n<p>&#8211; M\u00e5ling af leverand\u00f8rperformance<br \/>&#8211; Reduktion af behandlingstid p\u00e5 afvigelsessager.<br \/>&#8211; Reduktion af interne og eksterne afvigelsesomkostninger.<br \/>&#8211; Handlingsplaner der underst\u00f8tter m\u00e5lene. M\u00e5l og resultater rapporteres gennem Hydremas m\u00e5lrapportering.<\/p>\n\t\t\t\t\t\t\t\t<\/div>\n\t\t\t\t<\/div>\n\t\t\t\t<\/div>\n\t\t\t\t<\/div>\n\t\t\t\t<\/div>\n\t\t","protected":false},"excerpt":{"rendered":"<p>Hydrema KVALITETSPOLITIK KVALITETSBEVIDSTHED: Hos Hydrema er vi bevidste om vores interessenters krav og de lovm\u00e6ssige forpligtelser for vores produkter og services. For at opfylde disse krav og forventninger har vi et kvalitetsstyringssystem, der beskriver vores arbejdsmetoder. Vi vil udvikle kvalitetsstyringssystemet, s\u00e5 roller og ansvarsomr\u00e5der er tydeligt beskrevet, og alle kan se sig selv i systemet. [&hellip;]<\/p>\n","protected":false},"author":1,"featured_media":0,"parent":33561,"menu_order":2,"comment_status":"closed","ping_status":"closed","template":"","meta":{"footnotes":""},"class_list":["post-33550","page","type-page","status-publish","hentry"],"_links":{"self":[{"href":"https:\/\/www.hydrema-bouwmachines.nl\/da\/wp-json\/wp\/v2\/pages\/33550","targetHints":{"allow":["GET"]}}],"collection":[{"href":"https:\/\/www.hydrema-bouwmachines.nl\/da\/wp-json\/wp\/v2\/pages"}],"about":[{"href":"https:\/\/www.hydrema-bouwmachines.nl\/da\/wp-json\/wp\/v2\/types\/page"}],"author":[{"embeddable":true,"href":"https:\/\/www.hydrema-bouwmachines.nl\/da\/wp-json\/wp\/v2\/users\/1"}],"replies":[{"embeddable":true,"href":"https:\/\/www.hydrema-bouwmachines.nl\/da\/wp-json\/wp\/v2\/comments?post=33550"}],"version-history":[{"count":1,"href":"https:\/\/www.hydrema-bouwmachines.nl\/da\/wp-json\/wp\/v2\/pages\/33550\/revisions"}],"predecessor-version":[{"id":33552,"href":"https:\/\/www.hydrema-bouwmachines.nl\/da\/wp-json\/wp\/v2\/pages\/33550\/revisions\/33552"}],"up":[{"embeddable":true,"href":"https:\/\/www.hydrema-bouwmachines.nl\/da\/wp-json\/wp\/v2\/pages\/33561"}],"wp:attachment":[{"href":"https:\/\/www.hydrema-bouwmachines.nl\/da\/wp-json\/wp\/v2\/media?parent=33550"}],"curies":[{"name":"wp","href":"https:\/\/api.w.org\/{rel}","templated":true}]}}