{"id":45262,"date":"2026-03-12T14:34:37","date_gmt":"2026-03-12T13:34:37","guid":{"rendered":"https:\/\/www.hydrema-bouwmachines.nl\/gesundheits-und-sicherheitsrichtlinie\/"},"modified":"2026-05-12T16:46:51","modified_gmt":"2026-05-12T14:46:51","slug":"gesundheits-und-sicherheitsrichtlinie","status":"publish","type":"page","link":"https:\/\/www.hydrema-bouwmachines.nl\/de\/verantwortung\/gesundheits-und-sicherheitsrichtlinie\/","title":{"rendered":"Gesundheits- und Sicherheitsrichtlinie"},"content":{"rendered":"\t\t<div data-elementor-type=\"wp-page\" data-elementor-id=\"45262\" class=\"elementor elementor-45262 elementor-29442\" data-elementor-post-type=\"page\">\n\t\t\t\t<div class=\"elementor-element elementor-element-68ef4a78 e-con-full e-flex e-con e-parent\" data-id=\"68ef4a78\" data-element_type=\"container\" data-e-type=\"container\" data-settings=\"{&quot;background_background&quot;:&quot;classic&quot;,&quot;jet_parallax_layout_list&quot;:[]}\">\n\t\t<div class=\"elementor-element elementor-element-5de9d11d e-con-full content-wrap e-flex e-con e-child\" data-id=\"5de9d11d\" data-element_type=\"container\" data-e-type=\"container\" data-settings=\"{&quot;jet_parallax_layout_list&quot;:[]}\">\n\t\t\t\t<div class=\"elementor-element elementor-element-60f25831 elementor-widget__width-inherit elementor-widget-laptop__width-inherit elementor-widget elementor-widget-heading\" data-id=\"60f25831\" data-element_type=\"widget\" data-e-type=\"widget\" data-widget_type=\"heading.default\">\n\t\t\t\t<div class=\"elementor-widget-container\">\n\t\t\t\t\t<h1 class=\"elementor-heading-title elementor-size-default\">GESUNDHEITS- UND SICHERHEITSRICHTLINIE<\/h1>\t\t\t\t<\/div>\n\t\t\t\t<\/div>\n\t\t\t\t<\/div>\n\t\t\t\t<\/div>\n\t\t<div class=\"elementor-element elementor-element-5924028 e-con-full e-flex e-con e-parent\" data-id=\"5924028\" data-element_type=\"container\" data-e-type=\"container\" data-settings=\"{&quot;background_background&quot;:&quot;classic&quot;,&quot;jet_parallax_layout_list&quot;:[]}\">\n\t\t<div class=\"elementor-element elementor-element-ec0ea36 e-con-full content-wrap e-flex e-con e-child\" data-id=\"ec0ea36\" data-element_type=\"container\" data-e-type=\"container\" data-settings=\"{&quot;jet_parallax_layout_list&quot;:[]}\">\n\t\t\t\t<div class=\"elementor-element elementor-element-36fc5c6 elementor-widget elementor-widget-text-editor\" data-id=\"36fc5c6\" data-element_type=\"widget\" data-e-type=\"widget\" data-widget_type=\"text-editor.default\">\n\t\t\t\t<div class=\"elementor-widget-container\">\n\t\t\t\t\t\t\t\t\t<h3>BEWUSSTSEIN F\u00dcR GESUNDHEIT UND SICHERHEIT:<\/h3>\n<p>Engagement ist einer der Kernwerte von Hydrema und zeigt sich im Bestreben, einen sichereren Arbeitsplatz zu schaffen. Hydrema muss ein sicherer Arbeitsplatz sein, an dem wir gemeinsam daran arbeiten, den Fokus auf das Arbeitsumfeld zu st\u00e4rken, und danach streben, dass alle Verantwortung f\u00fcr Hydrema als sicheren Arbeitsplatz \u00fcbernehmen.<\/p>\n<p>Bei der Renovierung und dem Austausch von Ausr\u00fcstung muss das Arbeitsumfeld stets ein wichtiger Faktor sein. Wir streben stets danach, sicherzustellen, dass die Mitarbeiter bei Hydrema in die Arbeit zur Gew\u00e4hrleistung und Verbesserung des Arbeitsumfelds einbezogen werden. Um sicherzustellen, dass die Gesundheits- und Sicherheitsrichtlinie wirksam ist, integrieren wir Sicherheits\u00fcberlegungen und gesundheits- und sicherheitsbewusstes Verhalten in alle relevanten und wesentlichen Richtlinien und Strategien des Unternehmens.<\/p>\n<p>Um einen proaktiven Ansatz f\u00fcr das Bewusstsein f\u00fcr Arbeitssicherheit und Gesundheitsschutz zu gew\u00e4hrleisten, ist Hydrema zertifiziert gem\u00e4\u00df<br \/>ISO45001-2015.<\/p>\n<h3>GELTUNGSBEREICH:<\/h3>\n<p>Hydremas Arbeitsumfeldrichtlinie gilt f\u00fcr alle Mitarbeiter am Hauptsitz und in der Produktion in St\u00f8vring, dem Produktionsstandort in Weimar sowie allen Serviceabteilungen in D\u00e4nemark. Hydremas Umweltrichtlinie muss von allen Mitarbeitern in ihrer t\u00e4glichen Arbeit eingehalten werden.<\/p>\n<h3>GESETZGEBUNG:<\/h3>\n<p>Bei Hydrema verpflichten wir uns, die geltenden Gesundheits- und Sicherheitsvorschriften sowie andere verbindliche Verpflichtungen einzuhalten, einschlie\u00dflich weiterer Regeln und Vorschriften zum Arbeitsumfeld.<\/p>\n<h3>ZWECK VON HYDREMAS ARBEITSSCHUTZRICHTLINIE:<\/h3>\n<p>&#8211; Sicherstellung eines anhaltend guten und gesunden Arbeitsumfelds.<br \/>&#8211; Alle bei Hydrema beteiligen sich an der Gew\u00e4hrleistung eines guten und sicheren Arbeitsumfelds.<br \/>&#8211; Ein sicheres Arbeitsumfeld muss k\u00fcnftig ein selbstverst\u00e4ndlicher Teil unserer t\u00e4glichen Arbeit sein.<br \/>&#8211; F\u00f6rderung des Verst\u00e4ndnisses, dass wir alle eine Verantwortung tragen.<br \/>&#8211; Sicherstellung der Einbindung der Gesundheits- und Sicherheitsorganisation in die t\u00e4gliche Gesundheits- und Sicherheitsarbeit.<\/p>\n<h3>EINGABEN ZUR GESUNDHEITS- UND SICHERHEITSRICHTLINIE:<\/h3>\n<p>Hydremas Gesundheits- und Sicherheitsrichtlinie basiert auf der aktuellen Gesundheits- und Sicherheitsgesetzgebung. Dort, wo Hydrema dies als wertsch\u00f6pfend betrachtet, werden wir gesundheits- und sicherheitsbewusster handeln, als es die gesetzlichen Anforderungen verlangen. Die relevanten Ma\u00dfnahmen werden in die Gesundheits- und Sicherheitsrichtlinie aufgenommen.<\/p>\n<h3>ERGEBNISSE DER GESUNDHEITS- UND SICHERHEITSRICHTLINIE:<\/h3>\n<p>&#8211; Reduzierung des LTFIR.<br \/>&#8211; Reduzierung schwerwiegender Vorf\u00e4lle.<br \/>&#8211; Aktionspl\u00e4ne, die die Ziele unterst\u00fctzen.<\/p>\n<p>Ziele und Ergebnisse sind im ESG-Bericht und im Managementreview von Hydrema einsehbar.<\/p>\n\t\t\t\t\t\t\t\t<\/div>\n\t\t\t\t<\/div>\n\t\t\t\t<\/div>\n\t\t\t\t<\/div>\n\t\t\t\t<\/div>\n\t\t","protected":false},"excerpt":{"rendered":"<p>GESUNDHEITS- UND SICHERHEITSRICHTLINIE BEWUSSTSEIN F\u00dcR GESUNDHEIT UND SICHERHEIT: Engagement ist einer der Kernwerte von Hydrema und zeigt sich im Bestreben, einen sichereren Arbeitsplatz zu schaffen. Hydrema muss ein sicherer Arbeitsplatz sein, an dem wir gemeinsam daran arbeiten, den Fokus auf das Arbeitsumfeld zu st\u00e4rken, und danach streben, dass alle Verantwortung f\u00fcr Hydrema als sicheren Arbeitsplatz [&hellip;]<\/p>\n","protected":false},"author":1,"featured_media":0,"parent":45276,"menu_order":40,"comment_status":"closed","ping_status":"closed","template":"","meta":{"footnotes":""},"class_list":["post-45262","page","type-page","status-publish","hentry"],"_links":{"self":[{"href":"https:\/\/www.hydrema-bouwmachines.nl\/de\/wp-json\/wp\/v2\/pages\/45262","targetHints":{"allow":["GET"]}}],"collection":[{"href":"https:\/\/www.hydrema-bouwmachines.nl\/de\/wp-json\/wp\/v2\/pages"}],"about":[{"href":"https:\/\/www.hydrema-bouwmachines.nl\/de\/wp-json\/wp\/v2\/types\/page"}],"author":[{"embeddable":true,"href":"https:\/\/www.hydrema-bouwmachines.nl\/de\/wp-json\/wp\/v2\/users\/1"}],"replies":[{"embeddable":true,"href":"https:\/\/www.hydrema-bouwmachines.nl\/de\/wp-json\/wp\/v2\/comments?post=45262"}],"version-history":[{"count":1,"href":"https:\/\/www.hydrema-bouwmachines.nl\/de\/wp-json\/wp\/v2\/pages\/45262\/revisions"}],"predecessor-version":[{"id":45263,"href":"https:\/\/www.hydrema-bouwmachines.nl\/de\/wp-json\/wp\/v2\/pages\/45262\/revisions\/45263"}],"up":[{"embeddable":true,"href":"https:\/\/www.hydrema-bouwmachines.nl\/de\/wp-json\/wp\/v2\/pages\/45276"}],"wp:attachment":[{"href":"https:\/\/www.hydrema-bouwmachines.nl\/de\/wp-json\/wp\/v2\/media?parent=45262"}],"curies":[{"name":"wp","href":"https:\/\/api.w.org\/{rel}","templated":true}]}}