{"id":45264,"date":"2026-03-12T14:23:53","date_gmt":"2026-03-12T13:23:53","guid":{"rendered":"https:\/\/www.hydrema-bouwmachines.nl\/umweltpolitik\/"},"modified":"2026-05-12T16:46:51","modified_gmt":"2026-05-12T14:46:51","slug":"umweltpolitik","status":"publish","type":"page","link":"https:\/\/www.hydrema-bouwmachines.nl\/de\/verantwortung\/umweltpolitik\/","title":{"rendered":"Umweltpolitik"},"content":{"rendered":"\t\t<div data-elementor-type=\"wp-page\" data-elementor-id=\"45264\" class=\"elementor elementor-45264 elementor-29436\" data-elementor-post-type=\"page\">\n\t\t\t\t<div class=\"elementor-element elementor-element-6bee515d e-con-full e-flex e-con e-parent\" data-id=\"6bee515d\" data-element_type=\"container\" data-e-type=\"container\" data-settings=\"{&quot;background_background&quot;:&quot;classic&quot;,&quot;jet_parallax_layout_list&quot;:[]}\">\n\t\t<div class=\"elementor-element elementor-element-26353603 e-con-full content-wrap e-flex e-con e-child\" data-id=\"26353603\" data-element_type=\"container\" data-e-type=\"container\" data-settings=\"{&quot;jet_parallax_layout_list&quot;:[]}\">\n\t\t\t\t<div class=\"elementor-element elementor-element-5efb2a7e elementor-widget__width-initial elementor-widget elementor-widget-jet-breadcrumbs\" data-id=\"5efb2a7e\" data-element_type=\"widget\" data-e-type=\"widget\" data-widget_type=\"jet-breadcrumbs.default\">\n\t\t\t\t<div class=\"elementor-widget-container\">\n\t\t\t\t\t<div class=\"elementor-jet-breadcrumbs jet-blocks\">\n\t\t<div class=\"jet-breadcrumbs\">\n\t\t<div class=\"jet-breadcrumbs__content\">\n\t\t<div class=\"jet-breadcrumbs__wrap\"><div class=\"jet-breadcrumbs__item\"><a href=\"https:\/\/www.hydrema-bouwmachines.nl\/de\/\" class=\"jet-breadcrumbs__item-link is-home\" rel=\"home\" title=\"Hydrema\">Hydrema<\/a><\/div>\n\t\t<\/div>\n\t\t<\/div>\n\t\t<\/div><\/div>\t\t\t\t<\/div>\n\t\t\t\t<\/div>\n\t\t\t\t<\/div>\n\t\t\t\t<\/div>\n\t\t<div class=\"elementor-element elementor-element-7ab63317 e-con-full e-flex e-con e-parent\" data-id=\"7ab63317\" data-element_type=\"container\" data-e-type=\"container\" data-settings=\"{&quot;background_background&quot;:&quot;classic&quot;,&quot;jet_parallax_layout_list&quot;:[]}\">\n\t\t<div class=\"elementor-element elementor-element-514cdba7 e-con-full content-wrap e-flex e-con e-child\" data-id=\"514cdba7\" data-element_type=\"container\" data-e-type=\"container\" data-settings=\"{&quot;jet_parallax_layout_list&quot;:[]}\">\n\t\t\t\t<div class=\"elementor-element elementor-element-53041aea elementor-widget__width-inherit elementor-widget-laptop__width-inherit elementor-widget elementor-widget-heading\" data-id=\"53041aea\" data-element_type=\"widget\" data-e-type=\"widget\" data-widget_type=\"heading.default\">\n\t\t\t\t<div class=\"elementor-widget-container\">\n\t\t\t\t\t<h1 class=\"elementor-heading-title elementor-size-default\">UMWELTPOLITIK<\/h1>\t\t\t\t<\/div>\n\t\t\t\t<\/div>\n\t\t\t\t<\/div>\n\t\t\t\t<\/div>\n\t\t<div class=\"elementor-element elementor-element-a2fa13a e-con-full e-flex e-con e-parent\" data-id=\"a2fa13a\" data-element_type=\"container\" data-e-type=\"container\" data-settings=\"{&quot;background_background&quot;:&quot;classic&quot;,&quot;jet_parallax_layout_list&quot;:[]}\">\n\t\t<div class=\"elementor-element elementor-element-eb1bf1a e-con-full content-wrap e-flex e-con e-child\" data-id=\"eb1bf1a\" data-element_type=\"container\" data-e-type=\"container\" data-settings=\"{&quot;jet_parallax_layout_list&quot;:[]}\">\n\t\t\t\t<div class=\"elementor-element elementor-element-ad93c18 elementor-widget elementor-widget-text-editor\" data-id=\"ad93c18\" data-element_type=\"widget\" data-e-type=\"widget\" data-widget_type=\"text-editor.default\">\n\t\t\t\t<div class=\"elementor-widget-container\">\n\t\t\t\t\t\t\t\t\t<h3>UMWELTBEWUSSTSEIN:<\/h3>\n<p>Als einer der Kernwerte von Hydrema legen wir gro\u00dfen Wert auf Engagement. Dazu geh\u00f6rt auch ein tiefes Engagement f\u00fcr das Bewusstsein gegen\u00fcber der Umwelt und unseren Auswirkungen auf sie. Bei Hydrema streben wir danach, in allen unseren Aktivit\u00e4ten umweltbewusst zu handeln, die relevanten Umweltgesetze einzuhalten und einen verantwortungsvollen Umgang mit nat\u00fcrlichen Ressourcen in unseren Fertigungs-, Betriebs-, Beschaffungs- und Abfallmanagementprozessen anzustreben.<\/p>\n<p>Wir verbessern unsere Abl\u00e4ufe kontinuierlich. Bei der Renovierung und dem Austausch von Anlagen ist die Verbesserung der Umwelt stets ein wichtiger Faktor. Die Mitarbeiter von Hydrema werden in dem Ma\u00dfe in die Arbeit an Umweltverbesserungen einbezogen, wie das Unternehmen dies f\u00fcr relevant erachtet. Um sicherzustellen, dass die Umweltpolitik operativ ist, integrieren wir Umweltaspekte und umweltbewusstes Verhalten in alle relevanten und wesentlichen Richtlinien und Strategien des Unternehmens. Um einen proaktiven Ansatz f\u00fcr das Umweltbewusstsein zu gew\u00e4hrleisten, ist Hydrema nach ISO14001-2015 zertifiziert.<\/p>\n<h3>GELTUNGSBEREICH:<\/h3>\n<p>Die Umweltpolitik von Hydrema gilt f\u00fcr alle Mitarbeiter am Hauptsitz und in der Produktion in St\u00f8vring, dem Produktionsstandort in Weimar sowie allen Serviceabteilungen in D\u00e4nemark. Die Umweltpolitik von Hydrema muss von allen Mitarbeitern in ihrer t\u00e4glichen Arbeit eingehalten werden.<\/p>\n<h3>GESETZGEBUNG:<\/h3>\n<p>Bei Hydrema sind wir bestrebt, die geltenden Umweltgesetze und andere verbindliche Verpflichtungen einzuhalten, einschlie\u00dflich anderer Regeln und Vorschriften zum Schutz der Umwelt.<\/p>\n<h3>UMWELTVERANTWORTLICHE PRODUKTE:<\/h3>\n<p>Durch den Dialog mit relevanten Beh\u00f6rden, Lieferanten, Kunden und anderen Interessengruppen m\u00f6chten wir die Verf\u00fcgbarkeit umweltfreundlicher Produkte f\u00f6rdern, soweit dies wirtschaftlich sinnvoll ist.<\/p>\n<h3>ZWECK DER UMWELTPOLITIK VON HYDREMA:<\/h3>\n<p>&#8211; Einhaltung der geltenden Umweltgesetzgebung sicherstellen.<br \/>&#8211; Mit R\u00fccksicht auf die Umwelt arbeiten.<br \/>&#8211; Umweltaspekte in relevante Strategien integrieren.<br \/>&#8211; Das Verst\u00e4ndnis f\u00f6rdern, dass jeder eine Verantwortung tr\u00e4gt.<br \/>&#8211; Vermeidung von Umweltverschmutzung.<br \/>&#8211; Aktionspl\u00e4ne, die die Ziele unterst\u00fctzen.<\/p>\n<h3>GRUNDLAGEN DER UMWELTPOLITIK:<\/h3>\n<p>Die Umweltpolitik von Hydrema basiert auf der aktuellen Umweltgesetzgebung. In F\u00e4llen, in denen wir die M\u00f6glichkeit haben, umweltbewusster zu handeln als erforderlich, werden die entsprechenden Ma\u00dfnahmen in die Umweltpolitik aufgenommen.<\/p>\n<h3>ERGEBNISSE DER UMWELTPOLITIK:<\/h3>\n<p>&#8211; Die Minimierung des Verbrauchs ist stets ein Schwerpunkt bei der Renovierung und der Anschaffung neuer Anlagen.<br \/>&#8211; Abf\u00e4lle werden gem\u00e4\u00df den gesetzlichen Vorschriften behandelt und entsorgt.<\/p>\n<p>Ziele und Ergebnisse sind im ESG-Bericht und im Managementreview von Hydrema einzusehen.<\/p>\n\t\t\t\t\t\t\t\t<\/div>\n\t\t\t\t<\/div>\n\t\t\t\t<\/div>\n\t\t\t\t<\/div>\n\t\t\t\t<\/div>\n\t\t","protected":false},"excerpt":{"rendered":"<p>Hydrema UMWELTPOLITIK UMWELTBEWUSSTSEIN: Als einer der Kernwerte von Hydrema legen wir gro\u00dfen Wert auf Engagement. Dazu geh\u00f6rt auch ein tiefes Engagement f\u00fcr das Bewusstsein gegen\u00fcber der Umwelt und unseren Auswirkungen auf sie. Bei Hydrema streben wir danach, in allen unseren Aktivit\u00e4ten umweltbewusst zu handeln, die relevanten Umweltgesetze einzuhalten und einen verantwortungsvollen Umgang mit nat\u00fcrlichen Ressourcen [&hellip;]<\/p>\n","protected":false},"author":1,"featured_media":0,"parent":45276,"menu_order":61,"comment_status":"closed","ping_status":"closed","template":"","meta":{"footnotes":""},"class_list":["post-45264","page","type-page","status-publish","hentry"],"_links":{"self":[{"href":"https:\/\/www.hydrema-bouwmachines.nl\/de\/wp-json\/wp\/v2\/pages\/45264","targetHints":{"allow":["GET"]}}],"collection":[{"href":"https:\/\/www.hydrema-bouwmachines.nl\/de\/wp-json\/wp\/v2\/pages"}],"about":[{"href":"https:\/\/www.hydrema-bouwmachines.nl\/de\/wp-json\/wp\/v2\/types\/page"}],"author":[{"embeddable":true,"href":"https:\/\/www.hydrema-bouwmachines.nl\/de\/wp-json\/wp\/v2\/users\/1"}],"replies":[{"embeddable":true,"href":"https:\/\/www.hydrema-bouwmachines.nl\/de\/wp-json\/wp\/v2\/comments?post=45264"}],"version-history":[{"count":1,"href":"https:\/\/www.hydrema-bouwmachines.nl\/de\/wp-json\/wp\/v2\/pages\/45264\/revisions"}],"predecessor-version":[{"id":45265,"href":"https:\/\/www.hydrema-bouwmachines.nl\/de\/wp-json\/wp\/v2\/pages\/45264\/revisions\/45265"}],"up":[{"embeddable":true,"href":"https:\/\/www.hydrema-bouwmachines.nl\/de\/wp-json\/wp\/v2\/pages\/45276"}],"wp:attachment":[{"href":"https:\/\/www.hydrema-bouwmachines.nl\/de\/wp-json\/wp\/v2\/media?parent=45264"}],"curies":[{"name":"wp","href":"https:\/\/api.w.org\/{rel}","templated":true}]}}