{"id":45266,"date":"2026-03-12T14:13:18","date_gmt":"2026-03-12T13:13:18","guid":{"rendered":"https:\/\/www.hydrema-bouwmachines.nl\/qualitaetspolitik\/"},"modified":"2026-05-12T16:46:51","modified_gmt":"2026-05-12T14:46:51","slug":"qualitaetspolitik","status":"publish","type":"page","link":"https:\/\/www.hydrema-bouwmachines.nl\/de\/verantwortung\/qualitaetspolitik\/","title":{"rendered":"Qualit\u00e4tspolitik"},"content":{"rendered":"\t\t<div data-elementor-type=\"wp-page\" data-elementor-id=\"45266\" class=\"elementor elementor-45266 elementor-29430\" data-elementor-post-type=\"page\">\n\t\t\t\t<div class=\"elementor-element elementor-element-31125838 e-con-full e-flex e-con e-parent\" data-id=\"31125838\" data-element_type=\"container\" data-e-type=\"container\" data-settings=\"{&quot;background_background&quot;:&quot;classic&quot;,&quot;jet_parallax_layout_list&quot;:[]}\">\n\t\t<div class=\"elementor-element elementor-element-3b646427 e-con-full content-wrap e-flex e-con e-child\" data-id=\"3b646427\" data-element_type=\"container\" data-e-type=\"container\" data-settings=\"{&quot;jet_parallax_layout_list&quot;:[]}\">\n\t\t\t\t<div class=\"elementor-element elementor-element-6cd23d16 elementor-widget__width-initial elementor-widget elementor-widget-jet-breadcrumbs\" data-id=\"6cd23d16\" data-element_type=\"widget\" data-e-type=\"widget\" data-widget_type=\"jet-breadcrumbs.default\">\n\t\t\t\t<div class=\"elementor-widget-container\">\n\t\t\t\t\t<div class=\"elementor-jet-breadcrumbs jet-blocks\">\n\t\t<div class=\"jet-breadcrumbs\">\n\t\t<div class=\"jet-breadcrumbs__content\">\n\t\t<div class=\"jet-breadcrumbs__wrap\"><div class=\"jet-breadcrumbs__item\"><a href=\"https:\/\/www.hydrema-bouwmachines.nl\/de\/\" class=\"jet-breadcrumbs__item-link is-home\" rel=\"home\" title=\"Hydrema\">Hydrema<\/a><\/div>\n\t\t<\/div>\n\t\t<\/div>\n\t\t<\/div><\/div>\t\t\t\t<\/div>\n\t\t\t\t<\/div>\n\t\t\t\t<\/div>\n\t\t\t\t<\/div>\n\t\t<div class=\"elementor-element elementor-element-fdf43b9 e-con-full e-flex e-con e-parent\" data-id=\"fdf43b9\" data-element_type=\"container\" data-e-type=\"container\" data-settings=\"{&quot;background_background&quot;:&quot;classic&quot;,&quot;jet_parallax_layout_list&quot;:[]}\">\n\t\t<div class=\"elementor-element elementor-element-7becc6dd e-con-full content-wrap e-flex e-con e-child\" data-id=\"7becc6dd\" data-element_type=\"container\" data-e-type=\"container\" data-settings=\"{&quot;jet_parallax_layout_list&quot;:[]}\">\n\t\t\t\t<div class=\"elementor-element elementor-element-476f9d3e elementor-widget__width-inherit elementor-widget-laptop__width-inherit elementor-widget elementor-widget-heading\" data-id=\"476f9d3e\" data-element_type=\"widget\" data-e-type=\"widget\" data-widget_type=\"heading.default\">\n\t\t\t\t<div class=\"elementor-widget-container\">\n\t\t\t\t\t<h1 class=\"elementor-heading-title elementor-size-default\">QUALIT\u00c4TSPOLITIK<\/h1>\t\t\t\t<\/div>\n\t\t\t\t<\/div>\n\t\t\t\t<\/div>\n\t\t\t\t<\/div>\n\t\t<div class=\"elementor-element elementor-element-d774cea e-con-full e-flex e-con e-parent\" data-id=\"d774cea\" data-element_type=\"container\" data-e-type=\"container\" data-settings=\"{&quot;background_background&quot;:&quot;classic&quot;,&quot;jet_parallax_layout_list&quot;:[]}\">\n\t\t<div class=\"elementor-element elementor-element-7cc31b8 e-con-full content-wrap e-flex e-con e-child\" data-id=\"7cc31b8\" data-element_type=\"container\" data-e-type=\"container\" data-settings=\"{&quot;jet_parallax_layout_list&quot;:[]}\">\n\t\t\t\t<div class=\"elementor-element elementor-element-cbcd4ad elementor-widget elementor-widget-text-editor\" data-id=\"cbcd4ad\" data-element_type=\"widget\" data-e-type=\"widget\" data-widget_type=\"text-editor.default\">\n\t\t\t\t<div class=\"elementor-widget-container\">\n\t\t\t\t\t\t\t\t\t<h3>QUALIT\u00c4TSBEWUSSTSEIN:<\/h3>\n<p>Bei Hydrema sind wir uns der Anforderungen unserer Interessengruppen und der gesetzlichen Verpflichtungen f\u00fcr unsere Produkte und Dienstleistungen bewusst. Um diese Anforderungen und Erwartungen zu erf\u00fcllen, verf\u00fcgen wir \u00fcber ein Qualit\u00e4tsmanagementsystem, das unsere Arbeitsweise beschreibt. Wir werden das Qualit\u00e4tsmanagementsystem so weiterentwickeln, dass Rollen und Verantwortlichkeiten klar beschrieben sind und sich jeder im System wiederfinden kann. Bei Hydrema sind wir nach ISO 9001-2015 qualit\u00e4tszertifiziert.<\/p>\n<h3>GELTUNGSBEREICH:<\/h3>\n<p>Die Qualit\u00e4tspolitik von Hydrema gilt f\u00fcr alle Mitarbeiter am Hauptsitz und in der Produktion in St\u00f8vring sowie am Produktionsstandort Weimar. Die Qualit\u00e4tspolitik von Hydrema muss von allen Mitarbeitern in ihrer t\u00e4glichen Arbeit eingehalten werden.<\/p>\n<h3>DER ZWECK DER QUALIT\u00c4TSPOLITIK VON HYDREMA:<\/h3>\n<p>&#8211; Sicherzustellen, dass die Interessengruppen von Hydrema Teil der Politik sind.<\/p>\n<h4>UNSERE KUNDEN:<\/h4>\n<p>Bei Hydrema stehen unsere Kunden im Mittelpunkt. Wir sind bestrebt, eine vertrauensvolle Partnerschaft aufzubauen, damit wir uns gemeinsam mit unseren Kunden weiterentwickeln k\u00f6nnen.<\/p>\n<h4>MITARBEITER:<\/h4>\n<p>Alle Mitarbeiter von Hydrema sind mit der Qualit\u00e4tspolitik des Unternehmens vertraut.<\/p>\n<h4>LIEFERANTEN:<\/h4>\n<p>Hydrema wird grunds\u00e4tzlich auf qualitativ hochwertige Lieferanten in Bezug auf Produkttechnologie setzen, von deren Wissensaustausch Hydrema profitieren kann. Hydrema ist bestrebt, langfristige, wertsch\u00f6pfende Kooperationsbeziehungen mit wichtigen Lieferanten aufzubauen, damit wir gemeinsam wachsen k\u00f6nnen.<\/p>\n<h3>INPUT DER QUALIT\u00c4TSPOLITIK:<\/h3>\n<p>Die Qualit\u00e4t von Hydrema basiert auf faktischen Daten, die \u00fcber unsere elektronischen Systeme erfasst werden. Diese Daten werden genutzt, um St\u00e4rken und Schw\u00e4chen zu bewerten. Darauf aufbauend werden priorisierte Ma\u00dfnahmen eingeleitet, um die Produkte und Systemprozesse von Hydrema zu verbessern.<\/p>\n<h3>OUTPUT DER QUALIT\u00c4TSPOLITIK:<\/h3>\n<p>&#8211; Messung der Lieferantenleistung<br \/>&#8211; Reduzierung der Bearbeitungszeit bei Nichtkonformit\u00e4tsf\u00e4llen.<br \/>&#8211; Reduzierung der internen und externen Kosten f\u00fcr Nichtkonformit\u00e4ten.<br \/>&#8211; Aktionspl\u00e4ne, die die Ziele unterst\u00fctzen. Ziele und Ergebnisse werden \u00fcber das Zielberichtswesen von Hydrema gemeldet.<\/p>\n\t\t\t\t\t\t\t\t<\/div>\n\t\t\t\t<\/div>\n\t\t\t\t<\/div>\n\t\t\t\t<\/div>\n\t\t\t\t<\/div>\n\t\t","protected":false},"excerpt":{"rendered":"<p>Hydrema QUALIT\u00c4TSPOLITIK QUALIT\u00c4TSBEWUSSTSEIN: Bei Hydrema sind wir uns der Anforderungen unserer Interessengruppen und der gesetzlichen Verpflichtungen f\u00fcr unsere Produkte und Dienstleistungen bewusst. Um diese Anforderungen und Erwartungen zu erf\u00fcllen, verf\u00fcgen wir \u00fcber ein Qualit\u00e4tsmanagementsystem, das unsere Arbeitsweise beschreibt. Wir werden das Qualit\u00e4tsmanagementsystem so weiterentwickeln, dass Rollen und Verantwortlichkeiten klar beschrieben sind und sich jeder im [&hellip;]<\/p>\n","protected":false},"author":1,"featured_media":0,"parent":45276,"menu_order":58,"comment_status":"closed","ping_status":"closed","template":"","meta":{"footnotes":""},"class_list":["post-45266","page","type-page","status-publish","hentry"],"_links":{"self":[{"href":"https:\/\/www.hydrema-bouwmachines.nl\/de\/wp-json\/wp\/v2\/pages\/45266","targetHints":{"allow":["GET"]}}],"collection":[{"href":"https:\/\/www.hydrema-bouwmachines.nl\/de\/wp-json\/wp\/v2\/pages"}],"about":[{"href":"https:\/\/www.hydrema-bouwmachines.nl\/de\/wp-json\/wp\/v2\/types\/page"}],"author":[{"embeddable":true,"href":"https:\/\/www.hydrema-bouwmachines.nl\/de\/wp-json\/wp\/v2\/users\/1"}],"replies":[{"embeddable":true,"href":"https:\/\/www.hydrema-bouwmachines.nl\/de\/wp-json\/wp\/v2\/comments?post=45266"}],"version-history":[{"count":1,"href":"https:\/\/www.hydrema-bouwmachines.nl\/de\/wp-json\/wp\/v2\/pages\/45266\/revisions"}],"predecessor-version":[{"id":45267,"href":"https:\/\/www.hydrema-bouwmachines.nl\/de\/wp-json\/wp\/v2\/pages\/45266\/revisions\/45267"}],"up":[{"embeddable":true,"href":"https:\/\/www.hydrema-bouwmachines.nl\/de\/wp-json\/wp\/v2\/pages\/45276"}],"wp:attachment":[{"href":"https:\/\/www.hydrema-bouwmachines.nl\/de\/wp-json\/wp\/v2\/media?parent=45266"}],"curies":[{"name":"wp","href":"https:\/\/api.w.org\/{rel}","templated":true}]}}