{"id":43966,"date":"2026-03-12T14:34:37","date_gmt":"2026-03-12T13:34:37","guid":{"rendered":"https:\/\/www.hydrema-bouwmachines.nl\/politique-de-sante-et-securite\/"},"modified":"2026-05-12T11:39:03","modified_gmt":"2026-05-12T09:39:03","slug":"politique-de-sante-et-securite","status":"publish","type":"page","link":"https:\/\/www.hydrema-bouwmachines.nl\/fr-ca\/responsabilite\/politique-de-sante-et-securite\/","title":{"rendered":"Politique de Sant\u00e9 et S\u00e9curit\u00e9"},"content":{"rendered":"\t\t<div data-elementor-type=\"wp-page\" data-elementor-id=\"43966\" class=\"elementor elementor-43966 elementor-29442\" data-elementor-post-type=\"page\">\n\t\t\t\t<div class=\"elementor-element elementor-element-68ef4a78 e-con-full e-flex e-con e-parent\" data-id=\"68ef4a78\" data-element_type=\"container\" data-e-type=\"container\" data-settings=\"{&quot;background_background&quot;:&quot;classic&quot;,&quot;jet_parallax_layout_list&quot;:[]}\">\n\t\t<div class=\"elementor-element elementor-element-5de9d11d e-con-full content-wrap e-flex e-con e-child\" data-id=\"5de9d11d\" data-element_type=\"container\" data-e-type=\"container\" data-settings=\"{&quot;jet_parallax_layout_list&quot;:[]}\">\n\t\t\t\t<div class=\"elementor-element elementor-element-60f25831 elementor-widget__width-inherit elementor-widget-laptop__width-inherit elementor-widget elementor-widget-heading\" data-id=\"60f25831\" data-element_type=\"widget\" data-e-type=\"widget\" data-widget_type=\"heading.default\">\n\t\t\t\t<div class=\"elementor-widget-container\">\n\t\t\t\t\t<h1 class=\"elementor-heading-title elementor-size-default\">POLITIQUE DE SANT\u00c9 ET S\u00c9CURIT\u00c9<\/h1>\t\t\t\t<\/div>\n\t\t\t\t<\/div>\n\t\t\t\t<\/div>\n\t\t\t\t<\/div>\n\t\t<div class=\"elementor-element elementor-element-5924028 e-con-full e-flex e-con e-parent\" data-id=\"5924028\" data-element_type=\"container\" data-e-type=\"container\" data-settings=\"{&quot;background_background&quot;:&quot;classic&quot;,&quot;jet_parallax_layout_list&quot;:[]}\">\n\t\t<div class=\"elementor-element elementor-element-ec0ea36 e-con-full content-wrap e-flex e-con e-child\" data-id=\"ec0ea36\" data-element_type=\"container\" data-e-type=\"container\" data-settings=\"{&quot;jet_parallax_layout_list&quot;:[]}\">\n\t\t\t\t<div class=\"elementor-element elementor-element-36fc5c6 elementor-widget elementor-widget-text-editor\" data-id=\"36fc5c6\" data-element_type=\"widget\" data-e-type=\"widget\" data-widget_type=\"text-editor.default\">\n\t\t\t\t<div class=\"elementor-widget-container\">\n\t\t\t\t\t\t\t\t\t<h3>SENSIBILISATION \u00c0 LA SANT\u00c9 ET \u00c0 LA S\u00c9CURIT\u00c9 :<\/h3>\n<p>L&rsquo;engagement est l&rsquo;une des valeurs fondamentales d&rsquo;Hydrema, exprim\u00e9 par la volont\u00e9 de cr\u00e9er un environnement de travail plus s\u00fbr. Hydrema doit \u00eatre un lieu de travail s\u00e9curis\u00e9, o\u00f9 nous collaborons pour renforcer l&rsquo;attention port\u00e9e \u00e0 l&rsquo;environnement de travail et nous effor\u00e7ons que chacun prenne ses responsabilit\u00e9s pour faire d&rsquo;Hydrema un lieu de travail s\u00fbr.<\/p>\n<p>Lors de la r\u00e9novation et du remplacement des \u00e9quipements, l&rsquo;environnement de travail doit toujours \u00eatre un facteur essentiel. Nous veillons en permanence \u00e0 ce que les employ\u00e9s d&rsquo;Hydrema soient impliqu\u00e9s dans les d\u00e9marches visant \u00e0 garantir et \u00e0 am\u00e9liorer l&rsquo;environnement de travail. Afin de s&rsquo;assurer que la politique de sant\u00e9 et s\u00e9curit\u00e9 est op\u00e9rationnelle, nous int\u00e9grons les consid\u00e9rations de s\u00e9curit\u00e9 et les comportements responsables en mati\u00e8re de sant\u00e9 et s\u00e9curit\u00e9 dans toutes les politiques et strat\u00e9gies pertinentes et significatives de l&rsquo;entreprise.<\/p>\n<p>Pour garantir une approche proactive de la sensibilisation \u00e0 la sant\u00e9 et \u00e0 la s\u00e9curit\u00e9 au travail, Hydrema est certifi\u00e9e selon la norme<br \/>ISO 45001-2015.<\/p>\n<h3>CHAMP D&rsquo;APPLICATION :<\/h3>\n<p>La politique relative \u00e0 l&rsquo;environnement de travail d&rsquo;Hydrema s&rsquo;applique \u00e0 l&rsquo;ensemble des employ\u00e9s du si\u00e8ge social et de la production \u00e0 St\u00f8vring, du site de production \u00e0 Weimar, ainsi que de tous les services apr\u00e8s-vente au Danemark. La politique environnementale d&rsquo;Hydrema doit \u00eatre respect\u00e9e par tous les employ\u00e9s dans leur travail quotidien.<\/p>\n<h3>L\u00c9GISLATION :<\/h3>\n<p>Chez Hydrema, nous nous engageons \u00e0 respecter la l\u00e9gislation applicable en mati\u00e8re de sant\u00e9 et s\u00e9curit\u00e9 ainsi que les autres obligations contraignantes, y compris les r\u00e8gles et r\u00e9glementations relatives \u00e0 l&rsquo;environnement<br \/>de travail.<\/p>\n<h3>OBJECTIF DE LA POLITIQUE DE SANT\u00c9 ET S\u00c9CURIT\u00c9 AU TRAVAIL D&rsquo;HYDREMA :<\/h3>\n<p>&#8211; Garantir un environnement de travail durablement sain et de qualit\u00e9.<br \/>&#8211; Chaque personne chez Hydrema participe \u00e0 la mise en place d&rsquo;un environnement de travail s\u00fbr et agr\u00e9able.<br \/>&#8211; Un environnement de travail s\u00e9curis\u00e9 doit devenir une composante naturelle de notre travail quotidien.<br \/>&#8211; Promouvoir la compr\u00e9hension que nous avons tous une responsabilit\u00e9 \u00e0 assumer.<br \/>&#8211; Assurer l&rsquo;implication de l&rsquo;organisation de sant\u00e9 et s\u00e9curit\u00e9 dans le travail quotidien en mati\u00e8re de sant\u00e9 et s\u00e9curit\u00e9.<\/p>\n<h3>DONN\u00c9ES D&rsquo;ENTR\u00c9E DE LA POLITIQUE DE SANT\u00c9 ET S\u00c9CURIT\u00c9 :<\/h3>\n<p>La politique de sant\u00e9 et s\u00e9curit\u00e9 d&rsquo;Hydrema repose sur la l\u00e9gislation en vigueur en mati\u00e8re de sant\u00e9 et s\u00e9curit\u00e9. Lorsqu&rsquo;Hydrema le consid\u00e8re comme cr\u00e9ateur de valeur, nous adopterons une d\u00e9marche plus responsable en mati\u00e8re de sant\u00e9 et s\u00e9curit\u00e9 que ce que la r\u00e9glementation exige. Les mesures pertinentes sont int\u00e9gr\u00e9es \u00e0 la politique de sant\u00e9 et s\u00e9curit\u00e9.<\/p>\n<h3>R\u00c9SULTATS DE LA POLITIQUE DE SANT\u00c9 ET S\u00c9CURIT\u00c9 :<\/h3>\n<p>&#8211; R\u00e9duction du LTFIR.<br \/>&#8211; R\u00e9duction des incidents majeurs.<br \/>&#8211; Plans d&rsquo;action soutenant les objectifs fix\u00e9s.<\/p>\n<p>Les objectifs et les r\u00e9sultats sont consultables dans le rapport ESG et la revue de direction d&rsquo;Hydrema.<\/p>\n\t\t\t\t\t\t\t\t<\/div>\n\t\t\t\t<\/div>\n\t\t\t\t<\/div>\n\t\t\t\t<\/div>\n\t\t\t\t<\/div>\n\t\t","protected":false},"excerpt":{"rendered":"<p>POLITIQUE DE SANT\u00c9 ET S\u00c9CURIT\u00c9 SENSIBILISATION \u00c0 LA SANT\u00c9 ET \u00c0 LA S\u00c9CURIT\u00c9 : L&rsquo;engagement est l&rsquo;une des valeurs fondamentales d&rsquo;Hydrema, exprim\u00e9 par la volont\u00e9 de cr\u00e9er un environnement de travail plus s\u00fbr. Hydrema doit \u00eatre un lieu de travail s\u00e9curis\u00e9, o\u00f9 nous collaborons pour renforcer l&rsquo;attention port\u00e9e \u00e0 l&rsquo;environnement de travail et nous effor\u00e7ons [&hellip;]<\/p>\n","protected":false},"author":1,"featured_media":0,"parent":43971,"menu_order":40,"comment_status":"closed","ping_status":"closed","template":"","meta":{"footnotes":""},"class_list":["post-43966","page","type-page","status-publish","hentry"],"_links":{"self":[{"href":"https:\/\/www.hydrema-bouwmachines.nl\/fr-ca\/wp-json\/wp\/v2\/pages\/43966","targetHints":{"allow":["GET"]}}],"collection":[{"href":"https:\/\/www.hydrema-bouwmachines.nl\/fr-ca\/wp-json\/wp\/v2\/pages"}],"about":[{"href":"https:\/\/www.hydrema-bouwmachines.nl\/fr-ca\/wp-json\/wp\/v2\/types\/page"}],"author":[{"embeddable":true,"href":"https:\/\/www.hydrema-bouwmachines.nl\/fr-ca\/wp-json\/wp\/v2\/users\/1"}],"replies":[{"embeddable":true,"href":"https:\/\/www.hydrema-bouwmachines.nl\/fr-ca\/wp-json\/wp\/v2\/comments?post=43966"}],"version-history":[{"count":1,"href":"https:\/\/www.hydrema-bouwmachines.nl\/fr-ca\/wp-json\/wp\/v2\/pages\/43966\/revisions"}],"predecessor-version":[{"id":44057,"href":"https:\/\/www.hydrema-bouwmachines.nl\/fr-ca\/wp-json\/wp\/v2\/pages\/43966\/revisions\/44057"}],"up":[{"embeddable":true,"href":"https:\/\/www.hydrema-bouwmachines.nl\/fr-ca\/wp-json\/wp\/v2\/pages\/43971"}],"wp:attachment":[{"href":"https:\/\/www.hydrema-bouwmachines.nl\/fr-ca\/wp-json\/wp\/v2\/media?parent=43966"}],"curies":[{"name":"wp","href":"https:\/\/api.w.org\/{rel}","templated":true}]}}