{"id":43967,"date":"2026-03-12T14:23:53","date_gmt":"2026-03-12T13:23:53","guid":{"rendered":"https:\/\/www.hydrema-bouwmachines.nl\/politique-environnementale\/"},"modified":"2026-05-12T11:39:05","modified_gmt":"2026-05-12T09:39:05","slug":"politique-environnementale","status":"publish","type":"page","link":"https:\/\/www.hydrema-bouwmachines.nl\/fr-ca\/responsabilite\/politique-environnementale\/","title":{"rendered":"Politique Environnementale"},"content":{"rendered":"\t\t<div data-elementor-type=\"wp-page\" data-elementor-id=\"43967\" class=\"elementor elementor-43967 elementor-29436\" data-elementor-post-type=\"page\">\n\t\t\t\t<div class=\"elementor-element elementor-element-6bee515d e-con-full e-flex e-con e-parent\" data-id=\"6bee515d\" data-element_type=\"container\" data-e-type=\"container\" data-settings=\"{&quot;background_background&quot;:&quot;classic&quot;,&quot;jet_parallax_layout_list&quot;:[]}\">\n\t\t<div class=\"elementor-element elementor-element-26353603 e-con-full content-wrap e-flex e-con e-child\" data-id=\"26353603\" data-element_type=\"container\" data-e-type=\"container\" data-settings=\"{&quot;jet_parallax_layout_list&quot;:[]}\">\n\t\t\t\t<div class=\"elementor-element elementor-element-5efb2a7e elementor-widget__width-initial elementor-widget elementor-widget-jet-breadcrumbs\" data-id=\"5efb2a7e\" data-element_type=\"widget\" data-e-type=\"widget\" data-widget_type=\"jet-breadcrumbs.default\">\n\t\t\t\t<div class=\"elementor-widget-container\">\n\t\t\t\t\t<div class=\"elementor-jet-breadcrumbs jet-blocks\">\n\t\t<div class=\"jet-breadcrumbs\">\n\t\t<div class=\"jet-breadcrumbs__content\">\n\t\t<div class=\"jet-breadcrumbs__wrap\"><div class=\"jet-breadcrumbs__item\"><a href=\"https:\/\/www.hydrema-bouwmachines.nl\/fr-ca\/\" class=\"jet-breadcrumbs__item-link is-home\" rel=\"home\" title=\"Hydrema\">Hydrema<\/a><\/div>\n\t\t<\/div>\n\t\t<\/div>\n\t\t<\/div><\/div>\t\t\t\t<\/div>\n\t\t\t\t<\/div>\n\t\t\t\t<\/div>\n\t\t\t\t<\/div>\n\t\t<div class=\"elementor-element elementor-element-7ab63317 e-con-full e-flex e-con e-parent\" data-id=\"7ab63317\" data-element_type=\"container\" data-e-type=\"container\" data-settings=\"{&quot;background_background&quot;:&quot;classic&quot;,&quot;jet_parallax_layout_list&quot;:[]}\">\n\t\t<div class=\"elementor-element elementor-element-514cdba7 e-con-full content-wrap e-flex e-con e-child\" data-id=\"514cdba7\" data-element_type=\"container\" data-e-type=\"container\" data-settings=\"{&quot;jet_parallax_layout_list&quot;:[]}\">\n\t\t\t\t<div class=\"elementor-element elementor-element-53041aea elementor-widget__width-inherit elementor-widget-laptop__width-inherit elementor-widget elementor-widget-heading\" data-id=\"53041aea\" data-element_type=\"widget\" data-e-type=\"widget\" data-widget_type=\"heading.default\">\n\t\t\t\t<div class=\"elementor-widget-container\">\n\t\t\t\t\t<h1 class=\"elementor-heading-title elementor-size-default\">POLITIQUE ENVIRONNEMENTALE<\/h1>\t\t\t\t<\/div>\n\t\t\t\t<\/div>\n\t\t\t\t<\/div>\n\t\t\t\t<\/div>\n\t\t<div class=\"elementor-element elementor-element-a2fa13a e-con-full e-flex e-con e-parent\" data-id=\"a2fa13a\" data-element_type=\"container\" data-e-type=\"container\" data-settings=\"{&quot;background_background&quot;:&quot;classic&quot;,&quot;jet_parallax_layout_list&quot;:[]}\">\n\t\t<div class=\"elementor-element elementor-element-eb1bf1a e-con-full content-wrap e-flex e-con e-child\" data-id=\"eb1bf1a\" data-element_type=\"container\" data-e-type=\"container\" data-settings=\"{&quot;jet_parallax_layout_list&quot;:[]}\">\n\t\t\t\t<div class=\"elementor-element elementor-element-ad93c18 elementor-widget elementor-widget-text-editor\" data-id=\"ad93c18\" data-element_type=\"widget\" data-e-type=\"widget\" data-widget_type=\"text-editor.default\">\n\t\t\t\t<div class=\"elementor-widget-container\">\n\t\t\t\t\t\t\t\t\t<h3>CONSCIENCE ENVIRONNEMENTALE :<\/h3>\n<p>En tant que l&rsquo;une des valeurs fondamentales d&rsquo;Hydrema, nous accordons la priorit\u00e9 \u00e0 l&rsquo;engagement. Cela inclut un engagement profond envers la prise de conscience de l&rsquo;environnement et de notre impact sur celui-ci. Chez Hydrema, nous nous effor\u00e7ons d&rsquo;agir de mani\u00e8re \u00e9cologiquement responsable dans toutes nos activit\u00e9s, de respecter la l\u00e9gislation environnementale en vigueur et de veiller \u00e0 une bonne gestion des ressources naturelles dans nos processus de fabrication,<br \/>d&rsquo;exploitation, d&rsquo;approvisionnement et de gestion des d\u00e9chets.<\/p>\n<p>Nous apportons des am\u00e9liorations continues \u00e0 nos activit\u00e9s. Lors de la r\u00e9novation et du remplacement d&rsquo;\u00e9quipements, l&rsquo;am\u00e9lioration de l&rsquo;environnement est toujours un facteur important. Les employ\u00e9s d&rsquo;Hydrema sont impliqu\u00e9s dans les travaux d&rsquo;am\u00e9lioration environnementale dans la mesure o\u00f9 l&rsquo;entreprise le juge pertinent. Pour garantir que la politique environnementale soit op\u00e9rationnelle, nous int\u00e9grons les consid\u00e9rations environnementales et les comportements \u00e9cologiquement responsables dans toutes les politiques et strat\u00e9gies pertinentes et significatives de l&rsquo;entreprise. Pour assurer une approche proactive de la conscience environnementale, Hydrema est certifi\u00e9e selon la norme ISO14001-2015.<\/p>\n<h3>CHAMP D&rsquo;APPLICATION :<\/h3>\n<p>La politique environnementale d&rsquo;Hydrema s&rsquo;applique \u00e0 tous les employ\u00e9s du si\u00e8ge social et de la production \u00e0 St\u00f8vring, du site de production \u00e0 Weimar, ainsi que de tous les services apr\u00e8s-vente au Danemark. La politique environnementale d&rsquo;Hydrema doit \u00eatre respect\u00e9e par tous les employ\u00e9s dans leur travail quotidien.<\/p>\n<h3>L\u00c9GISLATION :<\/h3>\n<p>Chez Hydrema, nous nous engageons \u00e0 respecter la l\u00e9gislation environnementale applicable ainsi que les autres obligations contraignantes, y compris les r\u00e8gles et r\u00e9glementations relatives \u00e0 l&rsquo;environnement ext\u00e9rieur.<\/p>\n<h3>PRODUITS \u00c9COLOGIQUEMENT RESPONSABLES :<\/h3>\n<p>Par le biais d&rsquo;un dialogue avec les autorit\u00e9s comp\u00e9tentes, les fournisseurs, les clients et les autres parties prenantes, nous souhaitons promouvoir la disponibilit\u00e9 de produits respectueux de l&rsquo;environnement dans la mesure o\u00f9 cela est pertinent d&rsquo;un point de vue commercial.<\/p>\n<h3>OBJECTIF DE LA POLITIQUE ENVIRONNEMENTALE D&rsquo;HYDREMA :<\/h3>\n<p>&#8211; Garantir le respect de la l\u00e9gislation environnementale applicable.<br \/>&#8211; Travailler avec le souci de l&rsquo;environnement.<br \/>&#8211; Int\u00e9grer les consid\u00e9rations environnementales dans les strat\u00e9gies pertinentes.<br \/>&#8211; Promouvoir la compr\u00e9hension que chacun a une responsabilit\u00e9.<br \/>&#8211; Pr\u00e9vention de la pollution.<br \/>&#8211; Plans d&rsquo;action soutenant les objectifs.<\/p>\n<h3>DONN\u00c9ES D&rsquo;ENTR\u00c9E DE LA POLITIQUE ENVIRONNEMENTALE :<\/h3>\n<p>La politique environnementale d&rsquo;Hydrema est fond\u00e9e sur la l\u00e9gislation environnementale en vigueur. Dans les cas o\u00f9 nous avons la possibilit\u00e9 d&rsquo;agir de mani\u00e8re plus \u00e9cologiquement responsable que ce qui est requis, les mesures pertinentes sont int\u00e9gr\u00e9es \u00e0 la politique environnementale.<\/p>\n<h3>R\u00c9SULTATS DE LA POLITIQUE ENVIRONNEMENTALE :<\/h3>\n<p>&#8211; La r\u00e9duction de la consommation est toujours un domaine prioritaire lors de la r\u00e9novation et de l&rsquo;acquisition de nouveaux \u00e9quipements.<br \/>&#8211; Les d\u00e9chets sont g\u00e9r\u00e9s et \u00e9limin\u00e9s conform\u00e9ment \u00e0 la l\u00e9gislation.<\/p>\n<p>Les objectifs et les r\u00e9sultats sont consultables dans le rapport ESG et la revue de direction d&rsquo;Hydrema.<\/p>\n\t\t\t\t\t\t\t\t<\/div>\n\t\t\t\t<\/div>\n\t\t\t\t<\/div>\n\t\t\t\t<\/div>\n\t\t\t\t<\/div>\n\t\t","protected":false},"excerpt":{"rendered":"<p>Hydrema POLITIQUE ENVIRONNEMENTALE CONSCIENCE ENVIRONNEMENTALE : En tant que l&rsquo;une des valeurs fondamentales d&rsquo;Hydrema, nous accordons la priorit\u00e9 \u00e0 l&rsquo;engagement. Cela inclut un engagement profond envers la prise de conscience de l&rsquo;environnement et de notre impact sur celui-ci. Chez Hydrema, nous nous effor\u00e7ons d&rsquo;agir de mani\u00e8re \u00e9cologiquement responsable dans toutes nos activit\u00e9s, de respecter la [&hellip;]<\/p>\n","protected":false},"author":1,"featured_media":0,"parent":43971,"menu_order":61,"comment_status":"closed","ping_status":"closed","template":"","meta":{"footnotes":""},"class_list":["post-43967","page","type-page","status-publish","hentry"],"_links":{"self":[{"href":"https:\/\/www.hydrema-bouwmachines.nl\/fr-ca\/wp-json\/wp\/v2\/pages\/43967","targetHints":{"allow":["GET"]}}],"collection":[{"href":"https:\/\/www.hydrema-bouwmachines.nl\/fr-ca\/wp-json\/wp\/v2\/pages"}],"about":[{"href":"https:\/\/www.hydrema-bouwmachines.nl\/fr-ca\/wp-json\/wp\/v2\/types\/page"}],"author":[{"embeddable":true,"href":"https:\/\/www.hydrema-bouwmachines.nl\/fr-ca\/wp-json\/wp\/v2\/users\/1"}],"replies":[{"embeddable":true,"href":"https:\/\/www.hydrema-bouwmachines.nl\/fr-ca\/wp-json\/wp\/v2\/comments?post=43967"}],"version-history":[{"count":1,"href":"https:\/\/www.hydrema-bouwmachines.nl\/fr-ca\/wp-json\/wp\/v2\/pages\/43967\/revisions"}],"predecessor-version":[{"id":44058,"href":"https:\/\/www.hydrema-bouwmachines.nl\/fr-ca\/wp-json\/wp\/v2\/pages\/43967\/revisions\/44058"}],"up":[{"embeddable":true,"href":"https:\/\/www.hydrema-bouwmachines.nl\/fr-ca\/wp-json\/wp\/v2\/pages\/43971"}],"wp:attachment":[{"href":"https:\/\/www.hydrema-bouwmachines.nl\/fr-ca\/wp-json\/wp\/v2\/media?parent=43967"}],"curies":[{"name":"wp","href":"https:\/\/api.w.org\/{rel}","templated":true}]}}