{"id":43968,"date":"2026-03-12T14:13:18","date_gmt":"2026-03-12T13:13:18","guid":{"rendered":"https:\/\/www.hydrema-bouwmachines.nl\/politique-qualite\/"},"modified":"2026-05-12T11:39:08","modified_gmt":"2026-05-12T09:39:08","slug":"politique-qualite","status":"publish","type":"page","link":"https:\/\/www.hydrema-bouwmachines.nl\/fr-ca\/responsabilite\/politique-qualite\/","title":{"rendered":"Politique Qualit\u00e9"},"content":{"rendered":"\t\t<div data-elementor-type=\"wp-page\" data-elementor-id=\"43968\" class=\"elementor elementor-43968 elementor-29430\" data-elementor-post-type=\"page\">\n\t\t\t\t<div class=\"elementor-element elementor-element-31125838 e-con-full e-flex e-con e-parent\" data-id=\"31125838\" data-element_type=\"container\" data-e-type=\"container\" data-settings=\"{&quot;background_background&quot;:&quot;classic&quot;,&quot;jet_parallax_layout_list&quot;:[]}\">\n\t\t<div class=\"elementor-element elementor-element-3b646427 e-con-full content-wrap e-flex e-con e-child\" data-id=\"3b646427\" data-element_type=\"container\" data-e-type=\"container\" data-settings=\"{&quot;jet_parallax_layout_list&quot;:[]}\">\n\t\t\t\t<div class=\"elementor-element elementor-element-6cd23d16 elementor-widget__width-initial elementor-widget elementor-widget-jet-breadcrumbs\" data-id=\"6cd23d16\" data-element_type=\"widget\" data-e-type=\"widget\" data-widget_type=\"jet-breadcrumbs.default\">\n\t\t\t\t<div class=\"elementor-widget-container\">\n\t\t\t\t\t<div class=\"elementor-jet-breadcrumbs jet-blocks\">\n\t\t<div class=\"jet-breadcrumbs\">\n\t\t<div class=\"jet-breadcrumbs__content\">\n\t\t<div class=\"jet-breadcrumbs__wrap\"><div class=\"jet-breadcrumbs__item\"><a href=\"https:\/\/www.hydrema-bouwmachines.nl\/fr-ca\/\" class=\"jet-breadcrumbs__item-link is-home\" rel=\"home\" title=\"Hydrema\">Hydrema<\/a><\/div>\n\t\t<\/div>\n\t\t<\/div>\n\t\t<\/div><\/div>\t\t\t\t<\/div>\n\t\t\t\t<\/div>\n\t\t\t\t<\/div>\n\t\t\t\t<\/div>\n\t\t<div class=\"elementor-element elementor-element-fdf43b9 e-con-full e-flex e-con e-parent\" data-id=\"fdf43b9\" data-element_type=\"container\" data-e-type=\"container\" data-settings=\"{&quot;background_background&quot;:&quot;classic&quot;,&quot;jet_parallax_layout_list&quot;:[]}\">\n\t\t<div class=\"elementor-element elementor-element-7becc6dd e-con-full content-wrap e-flex e-con e-child\" data-id=\"7becc6dd\" data-element_type=\"container\" data-e-type=\"container\" data-settings=\"{&quot;jet_parallax_layout_list&quot;:[]}\">\n\t\t\t\t<div class=\"elementor-element elementor-element-476f9d3e elementor-widget__width-inherit elementor-widget-laptop__width-inherit elementor-widget elementor-widget-heading\" data-id=\"476f9d3e\" data-element_type=\"widget\" data-e-type=\"widget\" data-widget_type=\"heading.default\">\n\t\t\t\t<div class=\"elementor-widget-container\">\n\t\t\t\t\t<h1 class=\"elementor-heading-title elementor-size-default\">POLITIQUE QUALIT\u00c9<\/h1>\t\t\t\t<\/div>\n\t\t\t\t<\/div>\n\t\t\t\t<\/div>\n\t\t\t\t<\/div>\n\t\t<div class=\"elementor-element elementor-element-d774cea e-con-full e-flex e-con e-parent\" data-id=\"d774cea\" data-element_type=\"container\" data-e-type=\"container\" data-settings=\"{&quot;background_background&quot;:&quot;classic&quot;,&quot;jet_parallax_layout_list&quot;:[]}\">\n\t\t<div class=\"elementor-element elementor-element-7cc31b8 e-con-full content-wrap e-flex e-con e-child\" data-id=\"7cc31b8\" data-element_type=\"container\" data-e-type=\"container\" data-settings=\"{&quot;jet_parallax_layout_list&quot;:[]}\">\n\t\t\t\t<div class=\"elementor-element elementor-element-cbcd4ad elementor-widget elementor-widget-text-editor\" data-id=\"cbcd4ad\" data-element_type=\"widget\" data-e-type=\"widget\" data-widget_type=\"text-editor.default\">\n\t\t\t\t<div class=\"elementor-widget-container\">\n\t\t\t\t\t\t\t\t\t<h3>SENSIBILISATION \u00c0 LA QUALIT\u00c9 :<\/h3>\n<p>Chez Hydrema, nous sommes conscients des exigences de nos parties prenantes ainsi que des obligations l\u00e9gales relatives \u00e0 nos produits et services. Pour r\u00e9pondre \u00e0 ces exigences et attentes, nous disposons d&rsquo;un syst\u00e8me de management de la qualit\u00e9 qui d\u00e9crit notre fa\u00e7on de travailler. Nous d\u00e9velopperons ce syst\u00e8me de management de la qualit\u00e9 afin que les r\u00f4les et les responsabilit\u00e9s soient clairement d\u00e9finis et que chacun puisse s&rsquo;y reconna\u00eetre. Hydrema est certifi\u00e9e qualit\u00e9 selon la norme ISO 9001-2015.<\/p>\n<h3>CHAMP D&rsquo;APPLICATION :<\/h3>\n<p>La Politique Qualit\u00e9 d&rsquo;Hydrema s&rsquo;applique \u00e0 l&rsquo;ensemble des collaborateurs du si\u00e8ge social et de la production \u00e0 St\u00f8vring, ainsi qu&rsquo;au site de production de Weimar. La Politique Qualit\u00e9 d&rsquo;Hydrema doit \u00eatre respect\u00e9e par tous les collaborateurs dans leur travail quotidien.<\/p>\n<h3>L&rsquo;OBJECTIF DE LA POLITIQUE QUALIT\u00c9 D&rsquo;HYDREMA :<\/h3>\n<p>&#8211; Est de garantir que les parties prenantes d&rsquo;Hydrema font partie int\u00e9grante de la politique.<\/p>\n<h4>NOS CLIENTS :<\/h4>\n<p>Chez Hydrema, nos clients sont au c\u0153ur de nos pr\u00e9occupations. Nous nous effor\u00e7ons de cr\u00e9er un partenariat de confiance afin de pouvoir \u00e9voluer ensemble avec nos clients.<\/p>\n<h4>COLLABORATEURS :<\/h4>\n<p>Tous les collaborateurs d&rsquo;Hydrema sont familiaris\u00e9s avec la politique qualit\u00e9 de l&rsquo;entreprise.<\/p>\n<h4>FOURNISSEURS :<\/h4>\n<p>Hydrema s&rsquo;attachera, en priorit\u00e9, \u00e0 travailler avec des fournisseurs de haute qualit\u00e9 en termes de technologie produit, aupr\u00e8s desquels Hydrema pourra b\u00e9n\u00e9ficier d&rsquo;un partage de connaissances. Hydrema s&rsquo;efforcera de construire des relations de collaboration durables et cr\u00e9atrices de valeur avec ses fournisseurs cl\u00e9s, afin de pouvoir \u00e9voluer ensemble.<\/p>\n<h3>DONN\u00c9ES D&rsquo;ENTR\u00c9E DE LA POLITIQUE QUALIT\u00c9 :<\/h3>\n<p>La qualit\u00e9 chez Hydrema repose sur des donn\u00e9es factuelles collect\u00e9es via nos syst\u00e8mes \u00e9lectroniques. Ces donn\u00e9es sont utilis\u00e9es pour \u00e9valuer les points forts et les points faibles. Sur cette base, des actions prioritaires sont initi\u00e9es afin d&rsquo;am\u00e9liorer les produits et les processus syst\u00e8mes d&rsquo;Hydrema.<\/p>\n<h3>DONN\u00c9ES DE SORTIE DE LA POLITIQUE QUALIT\u00c9 :<\/h3>\n<p>&#8211; Mesure de la performance des fournisseurs<br \/>&#8211; R\u00e9duction des d\u00e9lais de traitement des cas de non-conformit\u00e9.<br \/>&#8211; R\u00e9duction des co\u00fbts de non-conformit\u00e9 internes et externes.<br \/>&#8211; Plans d&rsquo;action soutenant les objectifs. Les objectifs et les r\u00e9sultats sont communiqu\u00e9s via le syst\u00e8me de reporting des objectifs d&rsquo;Hydrema.<\/p>\n\t\t\t\t\t\t\t\t<\/div>\n\t\t\t\t<\/div>\n\t\t\t\t<\/div>\n\t\t\t\t<\/div>\n\t\t\t\t<\/div>\n\t\t","protected":false},"excerpt":{"rendered":"<p>Hydrema POLITIQUE QUALIT\u00c9 SENSIBILISATION \u00c0 LA QUALIT\u00c9 : Chez Hydrema, nous sommes conscients des exigences de nos parties prenantes ainsi que des obligations l\u00e9gales relatives \u00e0 nos produits et services. Pour r\u00e9pondre \u00e0 ces exigences et attentes, nous disposons d&rsquo;un syst\u00e8me de management de la qualit\u00e9 qui d\u00e9crit notre fa\u00e7on de travailler. Nous d\u00e9velopperons ce [&hellip;]<\/p>\n","protected":false},"author":1,"featured_media":0,"parent":43971,"menu_order":58,"comment_status":"closed","ping_status":"closed","template":"","meta":{"footnotes":""},"class_list":["post-43968","page","type-page","status-publish","hentry"],"_links":{"self":[{"href":"https:\/\/www.hydrema-bouwmachines.nl\/fr-ca\/wp-json\/wp\/v2\/pages\/43968","targetHints":{"allow":["GET"]}}],"collection":[{"href":"https:\/\/www.hydrema-bouwmachines.nl\/fr-ca\/wp-json\/wp\/v2\/pages"}],"about":[{"href":"https:\/\/www.hydrema-bouwmachines.nl\/fr-ca\/wp-json\/wp\/v2\/types\/page"}],"author":[{"embeddable":true,"href":"https:\/\/www.hydrema-bouwmachines.nl\/fr-ca\/wp-json\/wp\/v2\/users\/1"}],"replies":[{"embeddable":true,"href":"https:\/\/www.hydrema-bouwmachines.nl\/fr-ca\/wp-json\/wp\/v2\/comments?post=43968"}],"version-history":[{"count":1,"href":"https:\/\/www.hydrema-bouwmachines.nl\/fr-ca\/wp-json\/wp\/v2\/pages\/43968\/revisions"}],"predecessor-version":[{"id":44059,"href":"https:\/\/www.hydrema-bouwmachines.nl\/fr-ca\/wp-json\/wp\/v2\/pages\/43968\/revisions\/44059"}],"up":[{"embeddable":true,"href":"https:\/\/www.hydrema-bouwmachines.nl\/fr-ca\/wp-json\/wp\/v2\/pages\/43971"}],"wp:attachment":[{"href":"https:\/\/www.hydrema-bouwmachines.nl\/fr-ca\/wp-json\/wp\/v2\/media?parent=43968"}],"curies":[{"name":"wp","href":"https:\/\/api.w.org\/{rel}","templated":true}]}}