{"id":43971,"date":"2026-03-11T14:41:51","date_gmt":"2026-03-11T13:41:51","guid":{"rendered":"https:\/\/www.hydrema-bouwmachines.nl\/responsabilite\/"},"modified":"2026-05-12T11:39:14","modified_gmt":"2026-05-12T09:39:14","slug":"responsabilite","status":"publish","type":"page","link":"https:\/\/www.hydrema-bouwmachines.nl\/fr-ca\/responsabilite\/","title":{"rendered":"Responsabilit\u00e9"},"content":{"rendered":"\t\t<div data-elementor-type=\"wp-page\" data-elementor-id=\"43971\" class=\"elementor elementor-43971 elementor-29299\" data-elementor-post-type=\"page\">\n\t\t\t\t<div class=\"elementor-element elementor-element-29f92e21 e-con-full e-flex e-con e-parent\" data-id=\"29f92e21\" data-element_type=\"container\" data-e-type=\"container\" data-settings=\"{&quot;background_background&quot;:&quot;classic&quot;,&quot;jet_parallax_layout_list&quot;:[]}\">\n\t\t<div class=\"elementor-element elementor-element-45fa5d57 e-con-full content-wrap e-flex e-con e-child\" data-id=\"45fa5d57\" data-element_type=\"container\" data-e-type=\"container\" data-settings=\"{&quot;jet_parallax_layout_list&quot;:[]}\">\n\t\t\t\t<div class=\"elementor-element elementor-element-2efe69b elementor-widget__width-initial elementor-widget elementor-widget-jet-breadcrumbs\" data-id=\"2efe69b\" data-element_type=\"widget\" data-e-type=\"widget\" data-widget_type=\"jet-breadcrumbs.default\">\n\t\t\t\t<div class=\"elementor-widget-container\">\n\t\t\t\t\t<div class=\"elementor-jet-breadcrumbs jet-blocks\">\n\t\t<div class=\"jet-breadcrumbs\">\n\t\t<div class=\"jet-breadcrumbs__content\">\n\t\t<div class=\"jet-breadcrumbs__wrap\"><div class=\"jet-breadcrumbs__item\"><a href=\"https:\/\/www.hydrema-bouwmachines.nl\/fr-ca\/\" class=\"jet-breadcrumbs__item-link is-home\" rel=\"home\" title=\"Hydrema\">Hydrema<\/a><\/div>\n\t\t<\/div>\n\t\t<\/div>\n\t\t<\/div><\/div>\t\t\t\t<\/div>\n\t\t\t\t<\/div>\n\t\t\t\t<\/div>\n\t\t\t\t<\/div>\n\t\t<div class=\"elementor-element elementor-element-5dfa31c4 e-con-full e-flex e-con e-parent\" data-id=\"5dfa31c4\" data-element_type=\"container\" data-e-type=\"container\" data-settings=\"{&quot;background_background&quot;:&quot;classic&quot;,&quot;jet_parallax_layout_list&quot;:[]}\">\n\t\t<div class=\"elementor-element elementor-element-53cc5e1f e-con-full content-wrap e-flex e-con e-child\" data-id=\"53cc5e1f\" data-element_type=\"container\" data-e-type=\"container\" data-settings=\"{&quot;jet_parallax_layout_list&quot;:[]}\">\n\t\t\t\t<div class=\"elementor-element elementor-element-3d7882b elementor-widget__width-inherit elementor-widget-laptop__width-inherit elementor-widget elementor-widget-heading\" data-id=\"3d7882b\" data-element_type=\"widget\" data-e-type=\"widget\" data-widget_type=\"heading.default\">\n\t\t\t\t<div class=\"elementor-widget-container\">\n\t\t\t\t\t<h1 class=\"elementor-heading-title elementor-size-default\">Responsabilit\u00e9<\/h1>\t\t\t\t<\/div>\n\t\t\t\t<\/div>\n\t\t\t\t<div class=\"elementor-element elementor-element-666f49c8 elementor-widget__width-initial elementor-widget-laptop__width-initial elementor-widget-tablet_extra__width-initial elementor-widget-tablet__width-initial elementor-widget elementor-widget-text-editor\" data-id=\"666f49c8\" data-element_type=\"widget\" data-e-type=\"widget\" data-widget_type=\"text-editor.default\">\n\t\t\t\t<div class=\"elementor-widget-container\">\n\t\t\t\t\t\t\t\t\t<p>Chez Hydrema, la responsabilit\u00e9 fait partie int\u00e9grante de la fa\u00e7on dont nous concevons, fabriquons et soutenons nos machines.<br\/>Nous nous engageons \u00e0 maintenir les plus hauts standards en mati\u00e8re de qualit\u00e9, de responsabilit\u00e9 environnementale et de s\u00e9curit\u00e9 au travail dans l&rsquo;ensemble de nos op\u00e9rations.<\/p>\n<p>Nos politiques et certifications d\u00e9finissent le cadre qui guide nos employ\u00e9s, partenaires et fournisseurs dans leur travail quotidien.<\/p>\t\t\t\t\t\t\t\t<\/div>\n\t\t\t\t<\/div>\n\t\t\t\t<\/div>\n\t\t\t\t<\/div>\n\t\t<div class=\"elementor-element elementor-element-e38889e e-con-full e-flex e-con e-parent\" data-id=\"e38889e\" data-element_type=\"container\" data-e-type=\"container\" data-settings=\"{&quot;background_background&quot;:&quot;classic&quot;,&quot;jet_parallax_layout_list&quot;:[]}\">\n\t\t<div class=\"elementor-element elementor-element-23284ab e-con-full content-wrap e-flex e-con e-child\" data-id=\"23284ab\" data-element_type=\"container\" data-e-type=\"container\" data-settings=\"{&quot;jet_parallax_layout_list&quot;:[]}\">\n\t\t<div class=\"elementor-element elementor-element-7120f76 e-con-full e-flex e-con e-child\" data-id=\"7120f76\" data-element_type=\"container\" data-e-type=\"container\" data-settings=\"{&quot;jet_parallax_layout_list&quot;:[]}\">\n\t\t<div class=\"elementor-element elementor-element-9122d67 e-con-full e-flex e-con e-child\" data-id=\"9122d67\" data-element_type=\"container\" data-e-type=\"container\" data-settings=\"{&quot;jet_parallax_layout_list&quot;:[]}\">\n\t\t\t\t<div class=\"elementor-element elementor-element-121bcff elementor-widget elementor-widget-heading\" data-id=\"121bcff\" data-element_type=\"widget\" data-e-type=\"widget\" data-widget_type=\"heading.default\">\n\t\t\t\t<div class=\"elementor-widget-container\">\n\t\t\t\t\t<h2 class=\"elementor-heading-title elementor-size-default\">Politique Qualit\u00e9<\/h2>\t\t\t\t<\/div>\n\t\t\t\t<\/div>\n\t\t\t\t<div class=\"elementor-element elementor-element-2a99c38 elementor-widget__width-initial elementor-widget-laptop__width-initial elementor-widget-tablet_extra__width-initial elementor-widget-tablet__width-initial elementor-widget elementor-widget-text-editor\" data-id=\"2a99c38\" data-element_type=\"widget\" data-e-type=\"widget\" data-widget_type=\"text-editor.default\">\n\t\t\t\t<div class=\"elementor-widget-container\">\n\t\t\t\t\t\t\t\t\t<p>Hydrema s&rsquo;engage \u00e0 fournir des machines et des services fiables qui r\u00e9pondent aux attentes de nos clients et parties prenantes. Notre syst\u00e8me de management de la qualit\u00e9 garantit des processus coh\u00e9rents, une am\u00e9lioration continue et la conformit\u00e9 aux normes internationales.<\/p>\n\t\t\t\t\t\t\t\t<\/div>\n\t\t\t\t<\/div>\n\t\t\t\t<div class=\"elementor-element elementor-element-de082df elementor-widget elementor-widget-button\" data-id=\"de082df\" data-element_type=\"widget\" data-e-type=\"widget\" data-widget_type=\"button.default\">\n\t\t\t\t<div class=\"elementor-widget-container\">\n\t\t\t\t\t\t\t\t\t<div class=\"elementor-button-wrapper\">\n\t\t\t\t\t<a class=\"elementor-button elementor-button-link elementor-size-sm\" href=\"https:\/\/www.hydrema-bouwmachines.nl\/fr-ca\/responsabilite\/politique-qualite\/\">\n\t\t\t\t\t\t<span class=\"elementor-button-content-wrapper\">\n\t\t\t\t\t\t\t\t\t<span class=\"elementor-button-text\">Consultez notre Politique Qualit\u00e9 ici<\/span>\n\t\t\t\t\t<\/span>\n\t\t\t\t\t<\/a>\n\t\t\t\t<\/div>\n\t\t\t\t\t\t\t\t<\/div>\n\t\t\t\t<\/div>\n\t\t\t\t<\/div>\n\t\t<div class=\"elementor-element elementor-element-2a2d0b1 e-con-full e-flex e-con e-child\" data-id=\"2a2d0b1\" data-element_type=\"container\" data-e-type=\"container\" data-settings=\"{&quot;jet_parallax_layout_list&quot;:[]}\">\n\t\t\t\t<div class=\"elementor-element elementor-element-2efae54 elementor-widget elementor-widget-heading\" data-id=\"2efae54\" data-element_type=\"widget\" data-e-type=\"widget\" data-widget_type=\"heading.default\">\n\t\t\t\t<div class=\"elementor-widget-container\">\n\t\t\t\t\t<h2 class=\"elementor-heading-title elementor-size-default\">POLITIQUE ENVIRONNEMENTALE<\/h2>\t\t\t\t<\/div>\n\t\t\t\t<\/div>\n\t\t\t\t<div class=\"elementor-element elementor-element-c1d62fd elementor-widget__width-initial elementor-widget-laptop__width-initial elementor-widget-tablet_extra__width-initial elementor-widget-tablet__width-initial elementor-widget elementor-widget-text-editor\" data-id=\"c1d62fd\" data-element_type=\"widget\" data-e-type=\"widget\" data-widget_type=\"text-editor.default\">\n\t\t\t\t<div class=\"elementor-widget-container\">\n\t\t\t\t\t\t\t\t\t<p>Hydrema s&rsquo;engage \u00e0 exercer ses activit\u00e9s de mani\u00e8re \u00e9cologiquement responsable et \u00e0 r\u00e9duire continuellement l&rsquo;impact environnemental de ses activit\u00e9s. Par une utilisation responsable des ressources, le respect de la l\u00e9gislation environnementale et des am\u00e9liorations continues de nos op\u00e9rations, nous nous effor\u00e7ons de soutenir des pratiques durables dans l&rsquo;ensemble de notre entreprise.<\/p>\n\t\t\t\t\t\t\t\t<\/div>\n\t\t\t\t<\/div>\n\t\t\t\t<div class=\"elementor-element elementor-element-e532016 elementor-widget elementor-widget-button\" data-id=\"e532016\" data-element_type=\"widget\" data-e-type=\"widget\" data-widget_type=\"button.default\">\n\t\t\t\t<div class=\"elementor-widget-container\">\n\t\t\t\t\t\t\t\t\t<div class=\"elementor-button-wrapper\">\n\t\t\t\t\t<a class=\"elementor-button elementor-button-link elementor-size-sm\" href=\"https:\/\/www.hydrema-bouwmachines.nl\/fr-ca\/responsabilite\/politique-environnementale\/\">\n\t\t\t\t\t\t<span class=\"elementor-button-content-wrapper\">\n\t\t\t\t\t\t\t\t\t<span class=\"elementor-button-text\">D\u00e9couvrez notre POLITIQUE ENVIRONNEMENTALE ici<\/span>\n\t\t\t\t\t<\/span>\n\t\t\t\t\t<\/a>\n\t\t\t\t<\/div>\n\t\t\t\t\t\t\t\t<\/div>\n\t\t\t\t<\/div>\n\t\t\t\t<\/div>\n\t\t<div class=\"elementor-element elementor-element-91c87ce e-con-full e-flex e-con e-child\" data-id=\"91c87ce\" data-element_type=\"container\" data-e-type=\"container\" data-settings=\"{&quot;jet_parallax_layout_list&quot;:[]}\">\n\t\t\t\t<div class=\"elementor-element elementor-element-b8daa78 elementor-widget elementor-widget-heading\" data-id=\"b8daa78\" data-element_type=\"widget\" data-e-type=\"widget\" data-widget_type=\"heading.default\">\n\t\t\t\t<div class=\"elementor-widget-container\">\n\t\t\t\t\t<h2 class=\"elementor-heading-title elementor-size-default\">Politique de sant\u00e9 et s\u00e9curit\u00e9<\/h2>\t\t\t\t<\/div>\n\t\t\t\t<\/div>\n\t\t\t\t<div class=\"elementor-element elementor-element-eccc437 elementor-widget__width-initial elementor-widget-laptop__width-initial elementor-widget-tablet_extra__width-initial elementor-widget-tablet__width-initial elementor-widget elementor-widget-text-editor\" data-id=\"eccc437\" data-element_type=\"widget\" data-e-type=\"widget\" data-widget_type=\"text-editor.default\">\n\t\t\t\t<div class=\"elementor-widget-container\">\n\t\t\t\t\t\t\t\t\t<p>Hydrema s&rsquo;engage \u00e0 fournir un environnement de travail s\u00fbr et sain pour tous les employ\u00e9s. Par une forte sensibilisation \u00e0 la s\u00e9curit\u00e9, le respect de la l\u00e9gislation en mati\u00e8re de sant\u00e9 et s\u00e9curit\u00e9 et des am\u00e9liorations continues, nous travaillons ensemble pour garantir que la s\u00e9curit\u00e9 au travail fait partie int\u00e9grante de nos op\u00e9rations quotidiennes.<\/p>\n\t\t\t\t\t\t\t\t<\/div>\n\t\t\t\t<\/div>\n\t\t\t\t<div class=\"elementor-element elementor-element-5b10194 elementor-widget elementor-widget-button\" data-id=\"5b10194\" data-element_type=\"widget\" data-e-type=\"widget\" data-widget_type=\"button.default\">\n\t\t\t\t<div class=\"elementor-widget-container\">\n\t\t\t\t\t\t\t\t\t<div class=\"elementor-button-wrapper\">\n\t\t\t\t\t<a class=\"elementor-button elementor-button-link elementor-size-sm\" href=\"https:\/\/www.hydrema-bouwmachines.nl\/fr-ca\/responsabilite\/politique-de-sante-et-securite\/\">\n\t\t\t\t\t\t<span class=\"elementor-button-content-wrapper\">\n\t\t\t\t\t\t\t\t\t<span class=\"elementor-button-text\">D\u00e9couvrez notre politique de sant\u00e9 et s\u00e9curit\u00e9 ici<\/span>\n\t\t\t\t\t<\/span>\n\t\t\t\t\t<\/a>\n\t\t\t\t<\/div>\n\t\t\t\t\t\t\t\t<\/div>\n\t\t\t\t<\/div>\n\t\t\t\t<\/div>\n\t\t\t\t<\/div>\n\t\t<div class=\"elementor-element elementor-element-6f04114 e-con-full e-flex e-con e-child\" data-id=\"6f04114\" data-element_type=\"container\" data-e-type=\"container\" data-settings=\"{&quot;jet_parallax_layout_list&quot;:[]}\">\n\t\t<div class=\"elementor-element elementor-element-4878305 e-con-full e-flex e-con e-child\" data-id=\"4878305\" data-element_type=\"container\" data-e-type=\"container\" data-settings=\"{&quot;jet_parallax_layout_list&quot;:[]}\">\n\t\t\t\t<div class=\"elementor-element elementor-element-4a2e0d7 elementor-widget elementor-widget-heading\" data-id=\"4a2e0d7\" data-element_type=\"widget\" data-e-type=\"widget\" data-widget_type=\"heading.default\">\n\t\t\t\t<div class=\"elementor-widget-container\">\n\t\t\t\t\t<h2 class=\"elementor-heading-title elementor-size-default\">Certificats<\/h2>\t\t\t\t<\/div>\n\t\t\t\t<\/div>\n\t\t\t\t<div class=\"elementor-element elementor-element-196871e elementor-widget__width-initial elementor-widget-laptop__width-initial elementor-widget-tablet_extra__width-initial elementor-widget-tablet__width-initial elementor-widget elementor-widget-text-editor\" data-id=\"196871e\" data-element_type=\"widget\" data-e-type=\"widget\" data-widget_type=\"text-editor.default\">\n\t\t\t\t<div class=\"elementor-widget-container\">\n\t\t\t\t\t\t\t\t\t<p>Hydrema s&rsquo;engage \u00e0 maintenir des normes \u00e9lev\u00e9es en mati\u00e8re de qualit\u00e9, de responsabilit\u00e9 environnementale et de s\u00e9curit\u00e9 au travail. Nos certifications ISO refl\u00e8tent une approche syst\u00e9matique de l&rsquo;am\u00e9lioration continue, d&rsquo;une gestion responsable des op\u00e9rations et d&rsquo;un environnement de travail s\u00fbr au sein de notre organisation.<\/p>\n\t\t\t\t\t\t\t\t<\/div>\n\t\t\t\t<\/div>\n\t\t\t\t<div class=\"elementor-element elementor-element-c0e5f7d elementor-widget elementor-widget-button\" data-id=\"c0e5f7d\" data-element_type=\"widget\" data-e-type=\"widget\" data-widget_type=\"button.default\">\n\t\t\t\t<div class=\"elementor-widget-container\">\n\t\t\t\t\t\t\t\t\t<div class=\"elementor-button-wrapper\">\n\t\t\t\t\t<a class=\"elementor-button elementor-button-link elementor-size-sm\" href=\"https:\/\/www.hydrema-bouwmachines.nl\/fr-ca\/responsabilite\/certificats\/\">\n\t\t\t\t\t\t<span class=\"elementor-button-content-wrapper\">\n\t\t\t\t\t\t\t\t\t<span class=\"elementor-button-text\">Consultez nos certificats ici<\/span>\n\t\t\t\t\t<\/span>\n\t\t\t\t\t<\/a>\n\t\t\t\t<\/div>\n\t\t\t\t\t\t\t\t<\/div>\n\t\t\t\t<\/div>\n\t\t\t\t<\/div>\n\t\t<div class=\"elementor-element elementor-element-2122cc4 e-con-full e-flex e-con e-child\" data-id=\"2122cc4\" data-element_type=\"container\" data-e-type=\"container\" data-settings=\"{&quot;jet_parallax_layout_list&quot;:[]}\">\n\t\t\t\t<div class=\"elementor-element elementor-element-7653893 elementor-widget elementor-widget-heading\" data-id=\"7653893\" data-element_type=\"widget\" data-e-type=\"widget\" data-widget_type=\"heading.default\">\n\t\t\t\t<div class=\"elementor-widget-container\">\n\t\t\t\t\t<h2 class=\"elementor-heading-title elementor-size-default\">Code de conduite<\/h2>\t\t\t\t<\/div>\n\t\t\t\t<\/div>\n\t\t\t\t<div class=\"elementor-element elementor-element-1391da7 elementor-widget__width-initial elementor-widget-laptop__width-initial elementor-widget-tablet_extra__width-initial elementor-widget-tablet__width-initial elementor-widget elementor-widget-text-editor\" data-id=\"1391da7\" data-element_type=\"widget\" data-e-type=\"widget\" data-widget_type=\"text-editor.default\">\n\t\t\t\t<div class=\"elementor-widget-container\">\n\t\t\t\t\t\t\t\t\t<p>Hydrema s&rsquo;engage \u00e0 exercer ses activit\u00e9s avec int\u00e9grit\u00e9, responsabilit\u00e9 et respect des personnes et de l&rsquo;environnement. Notre Code de conduite d\u00e9finit les normes \u00e9thiques et les principes qui guident le comportement de nos employ\u00e9s, partenaires et parties prenantes dans toutes les activit\u00e9s commerciales.<\/p>\n\t\t\t\t\t\t\t\t<\/div>\n\t\t\t\t<\/div>\n\t\t\t\t<div class=\"elementor-element elementor-element-15e056f elementor-widget elementor-widget-button\" data-id=\"15e056f\" data-element_type=\"widget\" data-e-type=\"widget\" data-widget_type=\"button.default\">\n\t\t\t\t<div class=\"elementor-widget-container\">\n\t\t\t\t\t\t\t\t\t<div class=\"elementor-button-wrapper\">\n\t\t\t\t\t<a class=\"elementor-button elementor-button-link elementor-size-sm\" href=\"https:\/\/www.hydrema-bouwmachines.nl\/fr-ca\/responsabilite\/code-de-conduite\/\">\n\t\t\t\t\t\t<span class=\"elementor-button-content-wrapper\">\n\t\t\t\t\t\t\t\t\t<span class=\"elementor-button-text\">Consultez notre Code de conduite ici<\/span>\n\t\t\t\t\t<\/span>\n\t\t\t\t\t<\/a>\n\t\t\t\t<\/div>\n\t\t\t\t\t\t\t\t<\/div>\n\t\t\t\t<\/div>\n\t\t\t\t<\/div>\n\t\t\t\t<\/div>\n\t\t\t\t<\/div>\n\t\t\t\t<\/div>\n\t\t\t\t<\/div>\n\t\t","protected":false},"excerpt":{"rendered":"<p>Hydrema Responsabilit\u00e9 Chez Hydrema, la responsabilit\u00e9 fait partie int\u00e9grante de la fa\u00e7on dont nous concevons, fabriquons et soutenons nos machines.Nous nous engageons \u00e0 maintenir les plus hauts standards en mati\u00e8re de qualit\u00e9, de responsabilit\u00e9 environnementale et de s\u00e9curit\u00e9 au travail dans l&rsquo;ensemble de nos op\u00e9rations. Nos politiques et certifications d\u00e9finissent le cadre qui guide nos [&hellip;]<\/p>\n","protected":false},"author":1,"featured_media":0,"parent":0,"menu_order":52,"comment_status":"closed","ping_status":"closed","template":"","meta":{"footnotes":""},"class_list":["post-43971","page","type-page","status-publish","hentry"],"_links":{"self":[{"href":"https:\/\/www.hydrema-bouwmachines.nl\/fr-ca\/wp-json\/wp\/v2\/pages\/43971","targetHints":{"allow":["GET"]}}],"collection":[{"href":"https:\/\/www.hydrema-bouwmachines.nl\/fr-ca\/wp-json\/wp\/v2\/pages"}],"about":[{"href":"https:\/\/www.hydrema-bouwmachines.nl\/fr-ca\/wp-json\/wp\/v2\/types\/page"}],"author":[{"embeddable":true,"href":"https:\/\/www.hydrema-bouwmachines.nl\/fr-ca\/wp-json\/wp\/v2\/users\/1"}],"replies":[{"embeddable":true,"href":"https:\/\/www.hydrema-bouwmachines.nl\/fr-ca\/wp-json\/wp\/v2\/comments?post=43971"}],"version-history":[{"count":1,"href":"https:\/\/www.hydrema-bouwmachines.nl\/fr-ca\/wp-json\/wp\/v2\/pages\/43971\/revisions"}],"predecessor-version":[{"id":44066,"href":"https:\/\/www.hydrema-bouwmachines.nl\/fr-ca\/wp-json\/wp\/v2\/pages\/43971\/revisions\/44066"}],"wp:attachment":[{"href":"https:\/\/www.hydrema-bouwmachines.nl\/fr-ca\/wp-json\/wp\/v2\/media?parent=43971"}],"curies":[{"name":"wp","href":"https:\/\/api.w.org\/{rel}","templated":true}]}}