{"id":43974,"date":"2025-02-24T10:20:11","date_gmt":"2025-02-24T09:20:11","guid":{"rendered":"https:\/\/www.hydrema-bouwmachines.nl\/responsabilite\/certificats\/"},"modified":"2026-05-12T11:39:20","modified_gmt":"2026-05-12T09:39:20","slug":"certificats","status":"publish","type":"page","link":"https:\/\/www.hydrema-bouwmachines.nl\/fr-ca\/responsabilite\/certificats\/","title":{"rendered":"Certificats"},"content":{"rendered":"\t\t<div data-elementor-type=\"wp-page\" data-elementor-id=\"43974\" class=\"elementor elementor-43974 elementor-6808\" data-elementor-post-type=\"page\">\n\t\t\t\t<div class=\"elementor-element elementor-element-6a221925 e-con-full e-flex e-con e-parent\" data-id=\"6a221925\" data-element_type=\"container\" data-e-type=\"container\" data-settings=\"{&quot;background_background&quot;:&quot;classic&quot;,&quot;jet_parallax_layout_list&quot;:[]}\">\n\t\t<div class=\"elementor-element elementor-element-71de31ef e-con-full content-wrap e-flex e-con e-child\" data-id=\"71de31ef\" data-element_type=\"container\" data-e-type=\"container\" data-settings=\"{&quot;jet_parallax_layout_list&quot;:[]}\">\n\t\t\t\t<div class=\"elementor-element elementor-element-5cf42709 elementor-widget__width-initial elementor-widget elementor-widget-jet-breadcrumbs\" data-id=\"5cf42709\" data-element_type=\"widget\" data-e-type=\"widget\" data-widget_type=\"jet-breadcrumbs.default\">\n\t\t\t\t<div class=\"elementor-widget-container\">\n\t\t\t\t\t<div class=\"elementor-jet-breadcrumbs jet-blocks\">\n\t\t<div class=\"jet-breadcrumbs\">\n\t\t<div class=\"jet-breadcrumbs__content\">\n\t\t<div class=\"jet-breadcrumbs__wrap\"><div class=\"jet-breadcrumbs__item\"><a href=\"https:\/\/www.hydrema-bouwmachines.nl\/fr-ca\/\" class=\"jet-breadcrumbs__item-link is-home\" rel=\"home\" title=\"Hydrema\">Hydrema<\/a><\/div>\n\t\t<\/div>\n\t\t<\/div>\n\t\t<\/div><\/div>\t\t\t\t<\/div>\n\t\t\t\t<\/div>\n\t\t\t\t<\/div>\n\t\t\t\t<\/div>\n\t\t<div class=\"elementor-element elementor-element-7eddb43a e-con-full e-flex e-con e-parent\" data-id=\"7eddb43a\" data-element_type=\"container\" data-e-type=\"container\" data-settings=\"{&quot;background_background&quot;:&quot;classic&quot;,&quot;jet_parallax_layout_list&quot;:[]}\">\n\t\t<div class=\"elementor-element elementor-element-443e8db e-con-full content-wrap e-flex e-con e-child\" data-id=\"443e8db\" data-element_type=\"container\" data-e-type=\"container\" data-settings=\"{&quot;jet_parallax_layout_list&quot;:[]}\">\n\t\t\t\t<div class=\"elementor-element elementor-element-7af8e0f9 elementor-widget__width-inherit elementor-widget-laptop__width-inherit elementor-widget elementor-widget-heading\" data-id=\"7af8e0f9\" data-element_type=\"widget\" data-e-type=\"widget\" data-widget_type=\"heading.default\">\n\t\t\t\t<div class=\"elementor-widget-container\">\n\t\t\t\t\t<h1 class=\"elementor-heading-title elementor-size-default\">Certificats ISO<\/h1>\t\t\t\t<\/div>\n\t\t\t\t<\/div>\n\t\t\t\t<div class=\"elementor-element elementor-element-5852dd02 elementor-widget__width-initial elementor-widget-laptop__width-initial elementor-widget-tablet_extra__width-initial elementor-widget-tablet__width-initial elementor-widget-mobile__width-inherit elementor-widget elementor-widget-text-editor\" data-id=\"5852dd02\" data-element_type=\"widget\" data-e-type=\"widget\" data-widget_type=\"text-editor.default\">\n\t\t\t\t<div class=\"elementor-widget-container\">\n\t\t\t\t\t\t\t\t\t<div class=\"container-wrap \">\n<div class=\"container-xxl\">\n<div class=\"row text-start justify-content-start\">\n<article class=\"hero-inner align-items-start\">\n<div class=\"hero-text \">\n<p>Hydrema est certifi\u00e9e selon la norme ISO 9001 depuis 1990, et en 2022, la certification selon les normes ISO 14001 et ISO 45001 a \u00e9galement \u00e9t\u00e9 mise en \u0153uvre et finalis\u00e9e. La certification s&rsquo;applique au d\u00e9veloppement et \u00e0 la fabrication d&rsquo;engins de construction tels que les pelleteuses, les chargeuses-pelleteuses, les tombereaux tout-terrain, les v\u00e9hicules de d\u00e9minage et leurs accessoires pour les march\u00e9s civils et militaires &#8211; et pour les march\u00e9s militaires, aux ventes sous contrat et aux projets de coproduction li\u00e9s \u00e0 la technologie des v\u00e9hicules tout-terrain terrestres. Bureau Veritas a r\u00e9alis\u00e9 la certification ISO.<\/p>\n<\/div>\n<\/article>\n<\/div>\n<\/div>\n<\/div>\n\t\t\t\t\t\t\t\t<\/div>\n\t\t\t\t<\/div>\n\t\t\t\t<\/div>\n\t\t\t\t<\/div>\n\t\t<div class=\"elementor-element elementor-element-0c1069c e-con-full e-flex e-con e-parent\" data-id=\"0c1069c\" data-element_type=\"container\" data-e-type=\"container\" data-settings=\"{&quot;background_background&quot;:&quot;classic&quot;,&quot;jet_parallax_layout_list&quot;:[]}\">\n\t\t<div class=\"elementor-element elementor-element-8edd94a e-con-full content-wrap e-flex e-con e-child\" data-id=\"8edd94a\" data-element_type=\"container\" data-e-type=\"container\" data-settings=\"{&quot;jet_parallax_layout_list&quot;:[]}\">\n\t\t\t\t<div class=\"elementor-element elementor-element-c230269 elementor-widget elementor-widget-heading\" data-id=\"c230269\" data-element_type=\"widget\" data-e-type=\"widget\" data-widget_type=\"heading.default\">\n\t\t\t\t<div class=\"elementor-widget-container\">\n\t\t\t\t\t<h2 class=\"elementor-heading-title elementor-size-default\"><a href=\"https:\/\/www.hydrema-bouwmachines.nl\/fr-ca\/hydrema-certificate-iso-9001_2015\/\">ISO 9001:2015 - Management de la qualit\u00e9<\/a><\/h2>\t\t\t\t<\/div>\n\t\t\t\t<\/div>\n\t\t\t\t<div class=\"elementor-element elementor-element-75ce5ef elementor-widget__width-initial elementor-widget-laptop__width-initial elementor-widget-tablet_extra__width-initial elementor-widget-tablet__width-initial elementor-widget-mobile__width-inherit elementor-widget elementor-widget-text-editor\" data-id=\"75ce5ef\" data-element_type=\"widget\" data-e-type=\"widget\" data-widget_type=\"text-editor.default\">\n\t\t\t\t<div class=\"elementor-widget-container\">\n\t\t\t\t\t\t\t\t\t<p>La norme ISO 9001 est notre garantie que nous travaillons de mani\u00e8re syst\u00e9matique avec la qualit\u00e9. Cela signifie que nous disposons de processus permettant d&rsquo;assurer une qualit\u00e9 constante dans les flux de travail comme dans les produits, et d&rsquo;am\u00e9liorer continuellement nos processus.<\/p>\n<p>La certification s&rsquo;applique \u00e0 nos unit\u00e9s de production et de distribution.<\/p>\n\t\t\t\t\t\t\t\t<\/div>\n\t\t\t\t<\/div>\n\t\t\t\t<div class=\"elementor-element elementor-element-212001c elementor-widget elementor-widget-image\" data-id=\"212001c\" data-element_type=\"widget\" data-e-type=\"widget\" data-widget_type=\"image.default\">\n\t\t\t\t<div class=\"elementor-widget-container\">\n\t\t\t\t\t\t\t\t\t\t\t\t\t\t\t\t<a href=\"https:\/\/www.hydrema-bouwmachines.nl\/fr-ca\/hydrema-certificate-iso-9001_2015\/\">\n\t\t\t\t\t\t\t<img data-opt-id=678035346  data-opt-src=\"https:\/\/mluhqwkytpkn.i.optimole.com\/cb:bu32.466\/w:auto\/h:auto\/q:mauto\/f:best\/https:\/\/www.hydrema-bouwmachines.nl\/wp-content\/uploads\/2025\/08\/iso-9001-2015-logo-1-150x150-1.png\"  decoding=\"async\" width=\"150\" height=\"150\" src=\"https:\/\/mluhqwkytpkn.i.optimole.com\/cb:bu32.466\/w:auto\/h:auto\/q:eco\/f:best\/https:\/\/www.hydrema-bouwmachines.nl\/wp-content\/uploads\/2025\/08\/iso-9001-2015-logo-1-150x150-1.png\" class=\"attachment-large size-large wp-image-43975\" alt=\"iso 9001\" \/>\t\t\t\t\t\t\t\t<\/a>\n\t\t\t\t\t\t\t\t\t\t\t\t\t\t\t<\/div>\n\t\t\t\t<\/div>\n\t\t\t\t<div class=\"elementor-element elementor-element-6627fc2 elementor-widget elementor-widget-heading\" data-id=\"6627fc2\" data-element_type=\"widget\" data-e-type=\"widget\" data-widget_type=\"heading.default\">\n\t\t\t\t<div class=\"elementor-widget-container\">\n\t\t\t\t\t<h2 class=\"elementor-heading-title elementor-size-default\"><a href=\"https:\/\/www.hydrema-bouwmachines.nl\/fr-ca\/hydrema-certificate-iso-14001_2015\/\">ISO 14001:2015 - Management environnemental incluant l'audit \u00e9nerg\u00e9tique<\/a><\/h2>\t\t\t\t<\/div>\n\t\t\t\t<\/div>\n\t\t\t\t<div class=\"elementor-element elementor-element-afe7b9c elementor-widget__width-initial elementor-widget-laptop__width-initial elementor-widget-tablet_extra__width-initial elementor-widget-tablet__width-initial elementor-widget-mobile__width-inherit elementor-widget elementor-widget-text-editor\" data-id=\"afe7b9c\" data-element_type=\"widget\" data-e-type=\"widget\" data-widget_type=\"text-editor.default\">\n\t\t\t\t<div class=\"elementor-widget-container\">\n\t\t\t\t\t\t\t\t\t<p>Avec la norme ISO 14001, nous nous engageons \u00e0 minimiser notre impact environnemental. Nous surveillons nos volumes de d\u00e9chets, nos eaux us\u00e9es et notre consommation d&rsquo;\u00e9nergie, et travaillons de mani\u00e8re cibl\u00e9e sur l&rsquo;optimisation \u00e9nerg\u00e9tique afin de r\u00e9duire, entre autres, notre empreinte carbone. Nous d\u00e9veloppons et produisons des engins qui r\u00e9pondent \u00e0 toutes les exigences environnementales applicables.<\/p>\n<p>La certification s&rsquo;applique \u00e0 nos unit\u00e9s de production et de distribution ainsi qu&rsquo;aux centres de service danois.<\/p>\n\t\t\t\t\t\t\t\t<\/div>\n\t\t\t\t<\/div>\n\t\t\t\t<div class=\"elementor-element elementor-element-b5f3a50 elementor-widget elementor-widget-image\" data-id=\"b5f3a50\" data-element_type=\"widget\" data-e-type=\"widget\" data-widget_type=\"image.default\">\n\t\t\t\t<div class=\"elementor-widget-container\">\n\t\t\t\t\t\t\t\t\t\t\t\t\t\t\t\t<a href=\"https:\/\/www.hydrema-bouwmachines.nl\/fr-ca\/hydrema-certificate-iso-14001_2015\/\">\n\t\t\t\t\t\t\t<img data-opt-id=1666995338  data-opt-src=\"https:\/\/mluhqwkytpkn.i.optimole.com\/cb:bu32.466\/w:auto\/h:auto\/q:mauto\/f:best\/https:\/\/www.hydrema-bouwmachines.nl\/wp-content\/uploads\/2025\/08\/iso-14001certified-150x150-1.png\"  decoding=\"async\" width=\"150\" height=\"150\" src=\"https:\/\/mluhqwkytpkn.i.optimole.com\/cb:bu32.466\/w:auto\/h:auto\/q:eco\/f:best\/https:\/\/www.hydrema-bouwmachines.nl\/wp-content\/uploads\/2025\/08\/iso-14001certified-150x150-1.png\" class=\"attachment-large size-large wp-image-44078\" alt=\"iso 14001\" \/>\t\t\t\t\t\t\t\t<\/a>\n\t\t\t\t\t\t\t\t\t\t\t\t\t\t\t<\/div>\n\t\t\t\t<\/div>\n\t\t\t\t<div class=\"elementor-element elementor-element-48d6cb3 elementor-widget elementor-widget-heading\" data-id=\"48d6cb3\" data-element_type=\"widget\" data-e-type=\"widget\" data-widget_type=\"heading.default\">\n\t\t\t\t<div class=\"elementor-widget-container\">\n\t\t\t\t\t<h2 class=\"elementor-heading-title elementor-size-default\"><a href=\"https:\/\/www.hydrema-bouwmachines.nl\/fr-ca\/hydrema-certificate-iso-45001_2018\/\">ISO 45001:2018 - Management de la sant\u00e9 et de la s\u00e9curit\u00e9 au travail<\/a><\/h2>\t\t\t\t<\/div>\n\t\t\t\t<\/div>\n\t\t\t\t<div class=\"elementor-element elementor-element-d930bcf elementor-widget__width-initial elementor-widget-laptop__width-initial elementor-widget-tablet_extra__width-initial elementor-widget-tablet__width-initial elementor-widget-mobile__width-inherit elementor-widget elementor-widget-text-editor\" data-id=\"d930bcf\" data-element_type=\"widget\" data-e-type=\"widget\" data-widget_type=\"text-editor.default\">\n\t\t\t\t<div class=\"elementor-widget-container\">\n\t\t\t\t\t\t\t\t\t<p>La norme ISO 45001 garantit que nous accordons une attention particuli\u00e8re \u00e0 la s\u00e9curit\u00e9, au bien-\u00eatre et \u00e0 la pr\u00e9vention. Nous travaillons activement sur l&rsquo;\u00e9valuation des risques, l&rsquo;implication des collaborateurs et l&rsquo;am\u00e9lioration continue de l&rsquo;environnement de travail.<\/p>\n<p>La certification s&rsquo;applique \u00e0 nos unit\u00e9s de production et de distribution ainsi qu&rsquo;aux centres de service au Danemark.<\/p>\n\t\t\t\t\t\t\t\t<\/div>\n\t\t\t\t<\/div>\n\t\t\t\t<div class=\"elementor-element elementor-element-1ecb4af elementor-widget elementor-widget-image\" data-id=\"1ecb4af\" data-element_type=\"widget\" data-e-type=\"widget\" data-widget_type=\"image.default\">\n\t\t\t\t<div class=\"elementor-widget-container\">\n\t\t\t\t\t\t\t\t\t\t\t\t\t\t\t\t<a href=\"https:\/\/www.hydrema-bouwmachines.nl\/fr-ca\/hydrema-certificate-iso-45001_2018\/\">\n\t\t\t\t\t\t\t<img data-opt-id=523684632  data-opt-src=\"https:\/\/mluhqwkytpkn.i.optimole.com\/cb:bu32.466\/w:auto\/h:auto\/q:mauto\/f:best\/https:\/\/www.hydrema-bouwmachines.nl\/wp-content\/uploads\/2025\/08\/iso45001-logo-150x150-1.png\"  decoding=\"async\" width=\"150\" height=\"150\" src=\"https:\/\/mluhqwkytpkn.i.optimole.com\/cb:bu32.466\/w:auto\/h:auto\/q:eco\/f:best\/https:\/\/www.hydrema-bouwmachines.nl\/wp-content\/uploads\/2025\/08\/iso45001-logo-150x150-1.png\" class=\"attachment-large size-large wp-image-44079\" alt=\"iso 45001\" \/>\t\t\t\t\t\t\t\t<\/a>\n\t\t\t\t\t\t\t\t\t\t\t\t\t\t\t<\/div>\n\t\t\t\t<\/div>\n\t\t\t\t<\/div>\n\t\t\t\t<\/div>\n\t\t\t\t<\/div>\n\t\t","protected":false},"excerpt":{"rendered":"<p>Hydrema Certificats ISO Hydrema est certifi\u00e9e selon la norme ISO 9001 depuis 1990, et en 2022, la certification selon les normes ISO 14001 et ISO 45001 a \u00e9galement \u00e9t\u00e9 mise en \u0153uvre et finalis\u00e9e. La certification s&rsquo;applique au d\u00e9veloppement et \u00e0 la fabrication d&rsquo;engins de construction tels que les pelleteuses, les chargeuses-pelleteuses, les tombereaux tout-terrain, [&hellip;]<\/p>\n","protected":false},"author":1,"featured_media":0,"parent":43971,"menu_order":116,"comment_status":"closed","ping_status":"closed","template":"","meta":{"footnotes":""},"class_list":["post-43974","page","type-page","status-publish","hentry"],"_links":{"self":[{"href":"https:\/\/www.hydrema-bouwmachines.nl\/fr-ca\/wp-json\/wp\/v2\/pages\/43974","targetHints":{"allow":["GET"]}}],"collection":[{"href":"https:\/\/www.hydrema-bouwmachines.nl\/fr-ca\/wp-json\/wp\/v2\/pages"}],"about":[{"href":"https:\/\/www.hydrema-bouwmachines.nl\/fr-ca\/wp-json\/wp\/v2\/types\/page"}],"author":[{"embeddable":true,"href":"https:\/\/www.hydrema-bouwmachines.nl\/fr-ca\/wp-json\/wp\/v2\/users\/1"}],"replies":[{"embeddable":true,"href":"https:\/\/www.hydrema-bouwmachines.nl\/fr-ca\/wp-json\/wp\/v2\/comments?post=43974"}],"version-history":[{"count":1,"href":"https:\/\/www.hydrema-bouwmachines.nl\/fr-ca\/wp-json\/wp\/v2\/pages\/43974\/revisions"}],"predecessor-version":[{"id":44080,"href":"https:\/\/www.hydrema-bouwmachines.nl\/fr-ca\/wp-json\/wp\/v2\/pages\/43974\/revisions\/44080"}],"up":[{"embeddable":true,"href":"https:\/\/www.hydrema-bouwmachines.nl\/fr-ca\/wp-json\/wp\/v2\/pages\/43971"}],"wp:attachment":[{"href":"https:\/\/www.hydrema-bouwmachines.nl\/fr-ca\/wp-json\/wp\/v2\/media?parent=43974"}],"curies":[{"name":"wp","href":"https:\/\/api.w.org\/{rel}","templated":true}]}}