{"id":43248,"date":"2024-11-01T14:34:52","date_gmt":"2024-11-01T13:34:52","guid":{"rendered":"https:\/\/www.hydrema-bouwmachines.nl\/contact\/"},"modified":"2026-05-11T12:13:41","modified_gmt":"2026-05-11T10:13:41","slug":"contact","status":"publish","type":"page","link":"https:\/\/www.hydrema-bouwmachines.nl\/fr\/contact\/","title":{"rendered":"Contact"},"content":{"rendered":"\t\t<div data-elementor-type=\"wp-page\" data-elementor-id=\"43248\" class=\"elementor elementor-43248 elementor-238\" data-elementor-post-type=\"page\">\n\t\t\t\t<div class=\"elementor-element elementor-element-5bdee17b e-con-full e-flex e-con e-parent\" data-id=\"5bdee17b\" data-element_type=\"container\" data-e-type=\"container\" data-settings=\"{&quot;background_background&quot;:&quot;classic&quot;,&quot;jet_parallax_layout_list&quot;:[]}\">\n\t\t<div class=\"elementor-element elementor-element-5439e05 e-con-full content-wrap e-flex e-con e-child\" data-id=\"5439e05\" data-element_type=\"container\" data-e-type=\"container\" data-settings=\"{&quot;jet_parallax_layout_list&quot;:[]}\">\n\t\t\t\t<div class=\"elementor-element elementor-element-5f68e71f elementor-widget__width-inherit elementor-widget elementor-widget-heading\" data-id=\"5f68e71f\" data-element_type=\"widget\" data-e-type=\"widget\" data-widget_type=\"heading.default\">\n\t\t\t\t<div class=\"elementor-widget-container\">\n\t\t\t\t\t<h1 class=\"elementor-heading-title elementor-size-default\">CONTACTEZ-NOUS<\/h1>\t\t\t\t<\/div>\n\t\t\t\t<\/div>\n\t\t\t\t<div class=\"elementor-element elementor-element-31eccafc elementor-widget__width-initial elementor-widget-laptop__width-initial elementor-widget-tablet_extra__width-initial elementor-widget-tablet__width-initial elementor-widget elementor-widget-text-editor\" data-id=\"31eccafc\" data-element_type=\"widget\" data-e-type=\"widget\" data-widget_type=\"text-editor.default\">\n\t\t\t\t<div class=\"elementor-widget-container\">\n\t\t\t\t\t\t\t\t\tNotre priorit\u00e9 est de servir nos clients, o\u00f9 qu\u2019ils soient. Nous avons des agences au Danemark, en Allemagne, en Norv\u00e8ge, en Su\u00e8de, aux \u00c9tats-Unis et au Royaume-Uni, ainsi que des commerciaux dans 18 pays.\t\t\t\t\t\t\t\t<\/div>\n\t\t\t\t<\/div>\n\t\t\t\t<\/div>\n\t\t\t\t<\/div>\n\t\t<div class=\"elementor-element elementor-element-267674a3 e-con-full e-flex e-con e-parent\" data-id=\"267674a3\" data-element_type=\"container\" data-e-type=\"container\" data-settings=\"{&quot;background_background&quot;:&quot;classic&quot;,&quot;jet_parallax_layout_list&quot;:[]}\">\n\t\t<div class=\"elementor-element elementor-element-73025841 e-con-full content-wrap e-flex e-con e-child\" data-id=\"73025841\" data-element_type=\"container\" data-e-type=\"container\" data-settings=\"{&quot;jet_parallax_layout_list&quot;:[],&quot;background_background&quot;:&quot;classic&quot;}\">\n\t\t\t\t<div class=\"elementor-element elementor-element-5f83b6f6 elementor-widget elementor-widget-heading\" data-id=\"5f83b6f6\" data-element_type=\"widget\" data-e-type=\"widget\" data-widget_type=\"heading.default\">\n\t\t\t\t<div class=\"elementor-widget-container\">\n\t\t\t\t\t<h3 class=\"elementor-heading-title elementor-size-default\">Hydrema France<\/h3>\t\t\t\t<\/div>\n\t\t\t\t<\/div>\n\t\t<div class=\"elementor-element elementor-element-b13f686 e-con-full e-flex e-con e-child\" data-id=\"b13f686\" data-element_type=\"container\" data-e-type=\"container\" data-settings=\"{&quot;jet_parallax_layout_list&quot;:[]}\">\n\t\t<div class=\"elementor-element elementor-element-0439e46 e-con-full e-flex e-con e-child\" data-id=\"0439e46\" data-element_type=\"container\" data-e-type=\"container\" data-settings=\"{&quot;jet_parallax_layout_list&quot;:[]}\">\n\t\t\t\t<div class=\"elementor-element elementor-element-7a2ad41 elementor-widget elementor-widget-text-editor\" data-id=\"7a2ad41\" data-element_type=\"widget\" data-e-type=\"widget\" data-widget_type=\"text-editor.default\">\n\t\t\t\t<div class=\"elementor-widget-container\">\n\t\t\t\t\t\t\t\t\t<p>70 Avenue de Clichy<\/p><p>F-75017 Paris<\/p><p><a href=\"mailto:france@hydrema.com\">france@hydrema.com<\/a><\/p><p>Tel.:\u00a0<a href=\"tel:+330681401550\">+33 (0)6 81 40 15 50<\/a><\/p>\t\t\t\t\t\t\t\t<\/div>\n\t\t\t\t<\/div>\n\t\t\t\t<\/div>\n\t\t<div class=\"elementor-element elementor-element-3b27cbe e-con-full e-flex e-con e-child\" data-id=\"3b27cbe\" data-element_type=\"container\" data-e-type=\"container\" data-settings=\"{&quot;jet_parallax_layout_list&quot;:[]}\">\n\t\t\t\t<div class=\"elementor-element elementor-element-bd36ee0 elementor-widget elementor-widget-google_maps\" data-id=\"bd36ee0\" data-element_type=\"widget\" data-e-type=\"widget\" data-widget_type=\"google_maps.default\">\n\t\t\t\t<div class=\"elementor-widget-container\">\n\t\t\t\t\t\t\t<div class=\"elementor-custom-embed\">\n\t\t\t<iframe loading=\"lazy\"\n\t\t\t\t\tsrc=\"https:\/\/www.google.com\/maps\/embed\/v1\/place?key=AIzaSyAtkabCtr4BwSCmppz7SrYhoCtotVeP7j4&#038;q=48.888265616621204%2C%202.3252920413027716&#038;zoom=10\"\n\t\t\t\t\ttitle=\"48.888265616621204, 2.3252920413027716\"\n\t\t\t\t\taria-label=\"48.888265616621204, 2.3252920413027716\"\n\t\t\t><\/iframe>\n\t\t<\/div>\n\t\t\t\t\t\t<\/div>\n\t\t\t\t<\/div>\n\t\t\t\t<\/div>\n\t\t\t\t<\/div>\n\t\t\t\t<div class=\"elementor-element elementor-element-55405720 elementor-widget-divider--view-line elementor-widget elementor-widget-divider\" data-id=\"55405720\" data-element_type=\"widget\" data-e-type=\"widget\" data-widget_type=\"divider.default\">\n\t\t\t\t<div class=\"elementor-widget-container\">\n\t\t\t\t\t\t\t<div class=\"elementor-divider\">\n\t\t\t<span class=\"elementor-divider-separator\">\n\t\t\t\t\t\t<\/span>\n\t\t<\/div>\n\t\t\t\t\t\t<\/div>\n\t\t\t\t<\/div>\n\t\t\t\t<div class=\"elementor-element elementor-element-0d2cbf1 elementor-widget elementor-widget-heading\" data-id=\"0d2cbf1\" data-element_type=\"widget\" data-e-type=\"widget\" data-widget_type=\"heading.default\">\n\t\t\t\t<div class=\"elementor-widget-container\">\n\t\t\t\t\t<h3 class=\"elementor-heading-title elementor-size-default\">EMPLOY\u00c9S<\/h3>\t\t\t\t<\/div>\n\t\t\t\t<\/div>\n\t\t\t\t<div class=\"elementor-element elementor-element-259f2d51 elementor-widget elementor-widget-jet-listing-grid\" data-id=\"259f2d51\" data-element_type=\"widget\" data-e-type=\"widget\" data-settings=\"{&quot;columns&quot;:&quot;3&quot;,&quot;columns_tablet_extra&quot;:&quot;2&quot;,&quot;columns_mobile&quot;:&quot;1&quot;}\" data-widget_type=\"jet-listing-grid.default\">\n\t\t\t\t<div class=\"elementor-widget-container\">\n\t\t\t\t\t<div class=\"jet-listing-grid jet-listing\"><div class=\"jet-listing-grid__items grid-col-desk-3 grid-col-tablet-3 grid-col-mobile-1 jet-listing-grid--42157\" data-queried-id=\"43248|WP_Post\" data-nav=\"{&quot;enabled&quot;:false,&quot;type&quot;:null,&quot;more_el&quot;:null,&quot;query&quot;:[],&quot;widget_settings&quot;:{&quot;lisitng_id&quot;:42157,&quot;posts_num&quot;:50,&quot;columns&quot;:3,&quot;columns_tablet&quot;:3,&quot;columns_mobile&quot;:1,&quot;column_min_width&quot;:240,&quot;column_min_width_tablet&quot;:240,&quot;column_min_width_mobile&quot;:240,&quot;inline_columns_css&quot;:false,&quot;is_archive_template&quot;:&quot;&quot;,&quot;post_status&quot;:[&quot;publish&quot;],&quot;use_random_posts_num&quot;:&quot;&quot;,&quot;max_posts_num&quot;:9,&quot;not_found_message&quot;:&quot;No data was found&quot;,&quot;is_masonry&quot;:false,&quot;equal_columns_height&quot;:&quot;&quot;,&quot;use_load_more&quot;:&quot;&quot;,&quot;load_more_id&quot;:&quot;&quot;,&quot;load_more_type&quot;:&quot;click&quot;,&quot;load_more_offset&quot;:null,&quot;use_custom_post_types&quot;:&quot;&quot;,&quot;custom_post_types&quot;:[],&quot;hide_widget_if&quot;:&quot;&quot;,&quot;carousel_enabled&quot;:&quot;&quot;,&quot;slides_to_scroll&quot;:&quot;1&quot;,&quot;arrows&quot;:&quot;true&quot;,&quot;arrow_icon&quot;:&quot;fa fa-angle-left&quot;,&quot;dots&quot;:&quot;&quot;,&quot;autoplay&quot;:&quot;true&quot;,&quot;pause_on_hover&quot;:&quot;true&quot;,&quot;autoplay_speed&quot;:5000,&quot;infinite&quot;:&quot;true&quot;,&quot;center_mode&quot;:&quot;&quot;,&quot;effect&quot;:&quot;slide&quot;,&quot;speed&quot;:500,&quot;inject_alternative_items&quot;:&quot;&quot;,&quot;injection_items&quot;:[],&quot;scroll_slider_enabled&quot;:&quot;&quot;,&quot;scroll_slider_on&quot;:[&quot;desktop&quot;,&quot;tablet&quot;,&quot;mobile&quot;],&quot;custom_query&quot;:false,&quot;custom_query_id&quot;:&quot;&quot;,&quot;_element_id&quot;:&quot;&quot;,&quot;collapse_first_last_gap&quot;:false,&quot;list_tag_selection&quot;:&quot;&quot;,&quot;list_items_wrapper_tag&quot;:&quot;div&quot;,&quot;list_item_tag&quot;:&quot;div&quot;,&quot;empty_items_wrapper_tag&quot;:&quot;div&quot;}}\" data-page=\"1\" data-pages=\"1\" data-listing-source=\"posts\" data-listing-id=\"42157\" data-query-id=\"\"><div class=\"jet-listing-grid__item jet-listing-dynamic-post-40907 elementor-dcss-5919833296000108\" data-post-id=\"40907\"  >\t\t<div data-elementor-type=\"jet-listing-items\" data-elementor-id=\"43341\" class=\"elementor elementor-43341 elementor-9772 elementor-9772\" data-elementor-post-type=\"jet-engine\">\n\t\t\t\t<div class=\"elementor-element elementor-element-80df749 e-con-full overall-container e-flex e-con e-parent\" data-id=\"80df749\" data-element_type=\"container\" data-e-type=\"container\" data-settings=\"{&quot;jet_parallax_layout_list&quot;:[]}\">\n\t\t<div class=\"elementor-element elementor-element-088f9ca e-con-full e-flex e-con e-child\" data-id=\"088f9ca\" data-element_type=\"container\" data-e-type=\"container\" data-settings=\"{&quot;jet_parallax_layout_list&quot;:[]}\">\n\t\t\t\t<div class=\"elementor-element elementor-element-1f204b2 image elementor-widget elementor-widget-image\" data-id=\"1f204b2\" data-element_type=\"widget\" data-e-type=\"widget\" data-widget_type=\"image.default\">\n\t\t\t\t<div class=\"elementor-widget-container\">\n\t\t\t\t\t\t\t\t\t\t\t\t\t\t\t<img data-opt-id=1633350082  data-opt-src=\"https:\/\/mluhqwkytpkn.i.optimole.com\/cb:bu32.466\/w:auto\/h:auto\/q:mauto\/f:best\/https:\/\/www.hydrema-bouwmachines.nl\/wp-content\/uploads\/2025\/04\/billede-placeholder.png\"   decoding=\"async\" width=\"427\" height=\"285\" src=\"https:\/\/mluhqwkytpkn.i.optimole.com\/cb:bu32.466\/w:auto\/h:auto\/q:eco\/f:best\/https:\/\/www.hydrema-bouwmachines.nl\/wp-content\/uploads\/2025\/04\/billede-placeholder.png\" class=\"elementor-animation-grow attachment-full size-full wp-image-9423\" alt=\"hydrema employee\" old-srcset=\"https:\/\/mluhqwkytpkn.i.optimole.com\/cb:bu32.466\/w:427\/h:285\/q:mauto\/f:best\/https:\/\/www.hydrema-bouwmachines.nl\/wp-content\/uploads\/2025\/04\/billede-placeholder.png 427w, https:\/\/mluhqwkytpkn.i.optimole.com\/cb:bu32.466\/w:300\/h:200\/q:mauto\/f:best\/https:\/\/www.hydrema-bouwmachines.nl\/wp-content\/uploads\/2025\/04\/billede-placeholder.png 300w\" \/>\t\t\t\t\t\t\t\t\t\t\t\t\t\t\t<\/div>\n\t\t\t\t<\/div>\n\t\t\t\t<\/div>\n\t\t\t\t<div class=\"elementor-element elementor-element-b934075 elementor-widget elementor-widget-heading\" data-id=\"b934075\" data-element_type=\"widget\" data-e-type=\"widget\" data-widget_type=\"heading.default\">\n\t\t\t\t<div class=\"elementor-widget-container\">\n\t\t\t\t\t<h4 class=\"elementor-heading-title elementor-size-default\">Philippe Trintignac<\/h4>\t\t\t\t<\/div>\n\t\t\t\t<\/div>\n\t\t\t\t<div class=\"elementor-element elementor-element-927cb66 elementor-widget elementor-widget-jet-listing-dynamic-field\" data-id=\"927cb66\" data-element_type=\"widget\" data-e-type=\"widget\" data-widget_type=\"jet-listing-dynamic-field.default\">\n\t\t\t\t<div class=\"elementor-widget-container\">\n\t\t\t\t\t<div class=\"jet-listing jet-listing-dynamic-field display-inline\"><div class=\"jet-listing-dynamic-field__inline-wrap\"><p class=\"jet-listing-dynamic-field__content\" >Responsable Commercial<\/p><\/div><\/div>\t\t\t\t<\/div>\n\t\t\t\t<\/div>\n\t\t\t\t<div class=\"elementor-element elementor-element-658fb0b jedv-enabled--yes elementor-widget elementor-widget-jet-listing-dynamic-field\" data-id=\"658fb0b\" data-element_type=\"widget\" data-e-type=\"widget\" data-widget_type=\"jet-listing-dynamic-field.default\">\n\t\t\t\t<div class=\"elementor-widget-container\">\n\t\t\t\t\t<div class=\"jet-listing jet-listing-dynamic-field display-inline\"><div class=\"jet-listing-dynamic-field__inline-wrap\"><div class=\"jet-listing-dynamic-field__icon is-svg-icon\"><svg class=\"e-font-icon-svg e-fas-phone-alt\" aria-hidden=\"true\" viewBox=\"0 0 512 512\" xmlns=\"http:\/\/www.w3.org\/2000\/svg\"><path d=\"M497.39 361.8l-112-48a24 24 0 0 0-28 6.9l-49.6 60.6A370.66 370.66 0 0 1 130.6 204.11l60.6-49.6a23.94 23.94 0 0 0 6.9-28l-48-112A24.16 24.16 0 0 0 122.6.61l-104 24A24 24 0 0 0 0 48c0 256.5 207.9 464 464 464a24 24 0 0 0 23.4-18.6l24-104a24.29 24.29 0 0 0-14.01-27.6z\"><\/path><\/svg><\/div><div class=\"jet-listing-dynamic-field__content\" >0681401550<\/div><\/div><\/div>\t\t\t\t<\/div>\n\t\t\t\t<\/div>\n\t\t\t\t<div class=\"elementor-element elementor-element-ceb8ef0 jedv-enabled--yes elementor-widget elementor-widget-jet-listing-dynamic-field\" data-id=\"ceb8ef0\" data-element_type=\"widget\" data-e-type=\"widget\" data-widget_type=\"jet-listing-dynamic-field.default\">\n\t\t\t\t<div class=\"elementor-widget-container\">\n\t\t\t\t\t<div class=\"jet-listing jet-listing-dynamic-field display-inline\"><div class=\"jet-listing-dynamic-field__inline-wrap\"><div class=\"jet-listing-dynamic-field__icon is-svg-icon\"><svg class=\"e-font-icon-svg e-far-envelope\" aria-hidden=\"true\" viewBox=\"0 0 512 512\" xmlns=\"http:\/\/www.w3.org\/2000\/svg\"><path d=\"M464 64H48C21.49 64 0 85.49 0 112v288c0 26.51 21.49 48 48 48h416c26.51 0 48-21.49 48-48V112c0-26.51-21.49-48-48-48zm0 48v40.805c-22.422 18.259-58.168 46.651-134.587 106.49-16.841 13.247-50.201 45.072-73.413 44.701-23.208.375-56.579-31.459-73.413-44.701C106.18 199.465 70.425 171.067 48 152.805V112h416zM48 400V214.398c22.914 18.251 55.409 43.862 104.938 82.646 21.857 17.205 60.134 55.186 103.062 54.955 42.717.231 80.509-37.199 103.053-54.947 49.528-38.783 82.032-64.401 104.947-82.653V400H48z\"><\/path><\/svg><\/div><div class=\"jet-listing-dynamic-field__content\" >PKT@hydrema.com<\/div><\/div><\/div>\t\t\t\t<\/div>\n\t\t\t\t<\/div>\n\t\t\t\t<\/div>\n\t\t\t\t<\/div>\n\t\t<\/div><div class=\"jet-listing-grid__item jet-listing-dynamic-post-40896 elementor-dcss-5919833330438259\" data-post-id=\"40896\"  >\t\t<div data-elementor-type=\"jet-listing-items\" data-elementor-id=\"43341\" class=\"elementor elementor-43341 elementor-9772 elementor-9772\" data-elementor-post-type=\"jet-engine\">\n\t\t\t\t<div class=\"elementor-element elementor-element-80df749 e-con-full overall-container e-flex e-con e-parent\" data-id=\"80df749\" data-element_type=\"container\" data-e-type=\"container\" data-settings=\"{&quot;jet_parallax_layout_list&quot;:[]}\">\n\t\t<div class=\"elementor-element elementor-element-088f9ca e-con-full e-flex e-con e-child\" data-id=\"088f9ca\" data-element_type=\"container\" data-e-type=\"container\" data-settings=\"{&quot;jet_parallax_layout_list&quot;:[]}\">\n\t\t\t\t<div class=\"elementor-element elementor-element-1f204b2 image elementor-widget elementor-widget-image\" data-id=\"1f204b2\" data-element_type=\"widget\" data-e-type=\"widget\" data-widget_type=\"image.default\">\n\t\t\t\t<div class=\"elementor-widget-container\">\n\t\t\t\t\t\t\t\t\t\t\t\t\t\t\t<img data-opt-id=1633350082  data-opt-src=\"https:\/\/mluhqwkytpkn.i.optimole.com\/cb:bu32.466\/w:auto\/h:auto\/q:mauto\/f:best\/https:\/\/www.hydrema-bouwmachines.nl\/wp-content\/uploads\/2025\/04\/billede-placeholder.png\"   decoding=\"async\" width=\"427\" height=\"285\" src=\"https:\/\/mluhqwkytpkn.i.optimole.com\/cb:bu32.466\/w:auto\/h:auto\/q:eco\/f:best\/https:\/\/www.hydrema-bouwmachines.nl\/wp-content\/uploads\/2025\/04\/billede-placeholder.png\" class=\"elementor-animation-grow attachment-full size-full wp-image-9423\" alt=\"hydrema employee\" old-srcset=\"https:\/\/mluhqwkytpkn.i.optimole.com\/cb:bu32.466\/w:427\/h:285\/q:mauto\/f:best\/https:\/\/www.hydrema-bouwmachines.nl\/wp-content\/uploads\/2025\/04\/billede-placeholder.png 427w, https:\/\/mluhqwkytpkn.i.optimole.com\/cb:bu32.466\/w:300\/h:200\/q:mauto\/f:best\/https:\/\/www.hydrema-bouwmachines.nl\/wp-content\/uploads\/2025\/04\/billede-placeholder.png 300w\" \/>\t\t\t\t\t\t\t\t\t\t\t\t\t\t\t<\/div>\n\t\t\t\t<\/div>\n\t\t\t\t<\/div>\n\t\t\t\t<div class=\"elementor-element elementor-element-b934075 elementor-widget elementor-widget-heading\" data-id=\"b934075\" data-element_type=\"widget\" data-e-type=\"widget\" data-widget_type=\"heading.default\">\n\t\t\t\t<div class=\"elementor-widget-container\">\n\t\t\t\t\t<h4 class=\"elementor-heading-title elementor-size-default\">Thomas Fromy<\/h4>\t\t\t\t<\/div>\n\t\t\t\t<\/div>\n\t\t\t\t<div class=\"elementor-element elementor-element-927cb66 elementor-widget elementor-widget-jet-listing-dynamic-field\" data-id=\"927cb66\" data-element_type=\"widget\" data-e-type=\"widget\" data-widget_type=\"jet-listing-dynamic-field.default\">\n\t\t\t\t<div class=\"elementor-widget-container\">\n\t\t\t\t\t<div class=\"jet-listing jet-listing-dynamic-field display-inline\"><div class=\"jet-listing-dynamic-field__inline-wrap\"><p class=\"jet-listing-dynamic-field__content\" >Inspecteur Technique<\/p><\/div><\/div>\t\t\t\t<\/div>\n\t\t\t\t<\/div>\n\t\t\t\t<div class=\"elementor-element elementor-element-658fb0b jedv-enabled--yes elementor-widget elementor-widget-jet-listing-dynamic-field\" data-id=\"658fb0b\" data-element_type=\"widget\" data-e-type=\"widget\" data-widget_type=\"jet-listing-dynamic-field.default\">\n\t\t\t\t<div class=\"elementor-widget-container\">\n\t\t\t\t\t<div class=\"jet-listing jet-listing-dynamic-field display-inline\"><div class=\"jet-listing-dynamic-field__inline-wrap\"><div class=\"jet-listing-dynamic-field__icon is-svg-icon\"><svg class=\"e-font-icon-svg e-fas-phone-alt\" aria-hidden=\"true\" viewBox=\"0 0 512 512\" xmlns=\"http:\/\/www.w3.org\/2000\/svg\"><path d=\"M497.39 361.8l-112-48a24 24 0 0 0-28 6.9l-49.6 60.6A370.66 370.66 0 0 1 130.6 204.11l60.6-49.6a23.94 23.94 0 0 0 6.9-28l-48-112A24.16 24.16 0 0 0 122.6.61l-104 24A24 24 0 0 0 0 48c0 256.5 207.9 464 464 464a24 24 0 0 0 23.4-18.6l24-104a24.29 24.29 0 0 0-14.01-27.6z\"><\/path><\/svg><\/div><div class=\"jet-listing-dynamic-field__content\" >0787734635<\/div><\/div><\/div>\t\t\t\t<\/div>\n\t\t\t\t<\/div>\n\t\t\t\t<div class=\"elementor-element elementor-element-ceb8ef0 jedv-enabled--yes elementor-widget elementor-widget-jet-listing-dynamic-field\" data-id=\"ceb8ef0\" data-element_type=\"widget\" data-e-type=\"widget\" data-widget_type=\"jet-listing-dynamic-field.default\">\n\t\t\t\t<div class=\"elementor-widget-container\">\n\t\t\t\t\t<div class=\"jet-listing jet-listing-dynamic-field display-inline\"><div class=\"jet-listing-dynamic-field__inline-wrap\"><div class=\"jet-listing-dynamic-field__icon is-svg-icon\"><svg class=\"e-font-icon-svg e-far-envelope\" aria-hidden=\"true\" viewBox=\"0 0 512 512\" xmlns=\"http:\/\/www.w3.org\/2000\/svg\"><path d=\"M464 64H48C21.49 64 0 85.49 0 112v288c0 26.51 21.49 48 48 48h416c26.51 0 48-21.49 48-48V112c0-26.51-21.49-48-48-48zm0 48v40.805c-22.422 18.259-58.168 46.651-134.587 106.49-16.841 13.247-50.201 45.072-73.413 44.701-23.208.375-56.579-31.459-73.413-44.701C106.18 199.465 70.425 171.067 48 152.805V112h416zM48 400V214.398c22.914 18.251 55.409 43.862 104.938 82.646 21.857 17.205 60.134 55.186 103.062 54.955 42.717.231 80.509-37.199 103.053-54.947 49.528-38.783 82.032-64.401 104.947-82.653V400H48z\"><\/path><\/svg><\/div><div class=\"jet-listing-dynamic-field__content\" >TFR@hydrema.com<\/div><\/div><\/div>\t\t\t\t<\/div>\n\t\t\t\t<\/div>\n\t\t\t\t<\/div>\n\t\t\t\t<\/div>\n\t\t<\/div><\/div><\/div>\t\t\t\t<\/div>\n\t\t\t\t<\/div>\n\t\t\t\t<div class=\"elementor-element elementor-element-fba7268 elementor-widget-divider--view-line elementor-widget elementor-widget-divider\" data-id=\"fba7268\" data-element_type=\"widget\" data-e-type=\"widget\" data-widget_type=\"divider.default\">\n\t\t\t\t<div class=\"elementor-widget-container\">\n\t\t\t\t\t\t\t<div class=\"elementor-divider\">\n\t\t\t<span class=\"elementor-divider-separator\">\n\t\t\t\t\t\t<\/span>\n\t\t<\/div>\n\t\t\t\t\t\t<\/div>\n\t\t\t\t<\/div>\n\t\t\t\t<\/div>\n\t\t\t\t<\/div>\n\t\t<div class=\"elementor-element elementor-element-78e6fb2 e-con-full e-flex e-con e-parent\" data-id=\"78e6fb2\" data-element_type=\"container\" data-e-type=\"container\" data-settings=\"{&quot;jet_parallax_layout_list&quot;:[],&quot;background_background&quot;:&quot;classic&quot;}\">\n\t\t<div class=\"elementor-element elementor-element-2ee0f68 e-con-full content-wrap e-flex e-con e-child\" data-id=\"2ee0f68\" data-element_type=\"container\" data-e-type=\"container\" data-settings=\"{&quot;jet_parallax_layout_list&quot;:[]}\">\n\t\t\t\t<div class=\"elementor-element elementor-element-32de2cf elementor-widget elementor-widget-heading\" data-id=\"32de2cf\" data-element_type=\"widget\" data-e-type=\"widget\" data-widget_type=\"heading.default\">\n\t\t\t\t<div class=\"elementor-widget-container\">\n\t\t\t\t\t<h3 class=\"elementor-heading-title elementor-size-default\">Suppliers<\/h3>\t\t\t\t<\/div>\n\t\t\t\t<\/div>\n\t\t\t\t<div class=\"elementor-element elementor-element-e9759f8 elementor-widget elementor-widget-text-editor\" data-id=\"e9759f8\" data-element_type=\"widget\" data-e-type=\"widget\" data-widget_type=\"text-editor.default\">\n\t\t\t\t<div class=\"elementor-widget-container\">\n\t\t\t\t\t\t\t\t\t<section class=\"section widget-grid lazy \">\n<div class=\"container container-small\">\n<header class=\"section-header row\">\n<div class=\"col\">\n<div class=\"text section-header-text\">\n<p>Are you interested in becoming a supplier to Hydrema? Follow the link below and fill out the interest form.<\/p>\n<\/div>\n<\/div>\n<\/header>\n<\/div>\n<\/section>\n\t\t\t\t\t\t\t\t<\/div>\n\t\t\t\t<\/div>\n\t\t\t\t<div class=\"elementor-element elementor-element-a170078 elementor-widget elementor-widget-button\" data-id=\"a170078\" data-element_type=\"widget\" data-e-type=\"widget\" data-widget_type=\"button.default\">\n\t\t\t\t<div class=\"elementor-widget-container\">\n\t\t\t\t\t\t\t\t\t<div class=\"elementor-button-wrapper\">\n\t\t\t\t\t<a class=\"elementor-button elementor-size-sm\" role=\"button\">\n\t\t\t\t\t\t<span class=\"elementor-button-content-wrapper\">\n\t\t\t\t\t\t\t\t\t<span class=\"elementor-button-text\">apply to become a supplier<\/span>\n\t\t\t\t\t<\/span>\n\t\t\t\t\t<\/a>\n\t\t\t\t<\/div>\n\t\t\t\t\t\t\t\t<\/div>\n\t\t\t\t<\/div>\n\t\t\t\t<\/div>\n\t\t\t\t<\/div>\n\t\t<div class=\"elementor-element elementor-element-c03b8f0 e-flex e-con-boxed e-con e-parent\" data-id=\"c03b8f0\" data-element_type=\"container\" data-e-type=\"container\" data-settings=\"{&quot;jet_parallax_layout_list&quot;:[]}\">\n\t\t\t\t\t<div class=\"e-con-inner\">\n\t\t\t\t\t<\/div>\n\t\t\t\t<\/div>\n\t\t\t\t<\/div>\n\t\t","protected":false},"excerpt":{"rendered":"<p>CONTACTEZ-NOUS Notre priorit\u00e9 est de servir nos clients, o\u00f9 qu\u2019ils soient. Nous avons des agences au Danemark, en Allemagne, en Norv\u00e8ge, en Su\u00e8de, aux \u00c9tats-Unis et au Royaume-Uni, ainsi que des commerciaux dans 18 pays. Hydrema France 70 Avenue de Clichy F-75017 Paris france@hydrema.com Tel.:\u00a0+33 (0)6 81 40 15 50 EMPLOY\u00c9S Responsable Commercial Inspecteur Technique [&hellip;]<\/p>\n","protected":false},"author":1,"featured_media":0,"parent":0,"menu_order":106,"comment_status":"closed","ping_status":"closed","template":"","meta":{"footnotes":""},"class_list":["post-43248","page","type-page","status-publish","hentry"],"_links":{"self":[{"href":"https:\/\/www.hydrema-bouwmachines.nl\/fr\/wp-json\/wp\/v2\/pages\/43248","targetHints":{"allow":["GET"]}}],"collection":[{"href":"https:\/\/www.hydrema-bouwmachines.nl\/fr\/wp-json\/wp\/v2\/pages"}],"about":[{"href":"https:\/\/www.hydrema-bouwmachines.nl\/fr\/wp-json\/wp\/v2\/types\/page"}],"author":[{"embeddable":true,"href":"https:\/\/www.hydrema-bouwmachines.nl\/fr\/wp-json\/wp\/v2\/users\/1"}],"replies":[{"embeddable":true,"href":"https:\/\/www.hydrema-bouwmachines.nl\/fr\/wp-json\/wp\/v2\/comments?post=43248"}],"version-history":[{"count":3,"href":"https:\/\/www.hydrema-bouwmachines.nl\/fr\/wp-json\/wp\/v2\/pages\/43248\/revisions"}],"predecessor-version":[{"id":43251,"href":"https:\/\/www.hydrema-bouwmachines.nl\/fr\/wp-json\/wp\/v2\/pages\/43248\/revisions\/43251"}],"wp:attachment":[{"href":"https:\/\/www.hydrema-bouwmachines.nl\/fr\/wp-json\/wp\/v2\/media?parent=43248"}],"curies":[{"name":"wp","href":"https:\/\/api.w.org\/{rel}","templated":true}]}}